{"id":637,"date":"2026-02-11T09:27:25","date_gmt":"2026-02-11T06:27:25","guid":{"rendered":"https:\/\/nouplus.fact.com.tr\/?post_type=product&#038;p=637"},"modified":"2026-02-11T09:35:51","modified_gmt":"2026-02-11T06:35:51","slug":"nouplus-zinkold-cinko-iceren-sprey","status":"publish","type":"product","link":"https:\/\/nouplus.fact.com.tr\/?product=nouplus-zinkold-cinko-iceren-sprey","title":{"rendered":"Nouplus Zinkold \u00c7inko \u0130\u00e7eren Sprey"},"content":{"rendered":"<p>Zinkold \u00e7inko i\u00e7eren sprey T\u00fcrkiye\u2019de ilk ve tek sprey formda \u00e7inko takviyesidir. Sprey formu ve vanilya aromas\u0131 ile kullan\u0131m kolayl\u0131\u011f\u0131 sa\u011flamaktad\u0131r.<\/p>\n","protected":false},"excerpt":{"rendered":"<p>Nouplus Ratio Auream; form\u00fclasyonunda resveratrol, glutatyon, alfa-lipoik asit, kuersetin, koenzim Q10, likopen, L-karnitin, taurin gibi g\u00fc\u00e7l\u00fc antioksidanlar, 13 vitamin ve  8 mineral i\u00e7eren bir g\u0131da takviyesidir.<\/p>\n","protected":false},"featured_media":688,"comment_status":"open","ping_status":"closed","template":"","meta":[],"product_brand":[],"product_cat":[108],"product_tag":[57],"class_list":{"0":"post-637","1":"product","2":"type-product","3":"status-publish","4":"has-post-thumbnail","6":"product_cat-mineraller","7":"product_tag-cinko","9":"first","10":"instock","11":"sale","12":"shipping-taxable","13":"purchasable","14":"product-type-simple"},"yoast_head":"<!-- This site is optimized with the Yoast SEO plugin v26.9 - https:\/\/yoast.com\/product\/yoast-seo-wordpress\/ -->\n<title>Nouplus Zinkold \u00c7inko \u0130\u00e7eren Sprey - NouPLus<\/title>\n<meta name=\"robots\" content=\"noindex, follow, max-snippet:-1, max-image-preview:large, max-video-preview:-1\" \/>\n<meta property=\"og:locale\" content=\"tr_TR\" \/>\n<meta property=\"og:type\" content=\"article\" \/>\n<meta property=\"og:title\" content=\"Nouplus Zinkold \u00c7inko \u0130\u00e7eren Sprey - NouPLus\" \/>\n<meta property=\"og:description\" content=\"Nouplus Ratio Auream; form\u00fclasyonunda resveratrol, glutatyon, alfa-lipoik asit, kuersetin, koenzim Q10, likopen, L-karnitin, taurin gibi g\u00fc\u00e7l\u00fc antioksidanlar, 13 vitamin ve 8 mineral i\u00e7eren bir g\u0131da takviyesidir.\" \/>\n<meta property=\"og:url\" content=\"https:\/\/nouplus.fact.com.tr\/?product=nouplus-zinkold-cinko-iceren-sprey\" \/>\n<meta property=\"og:site_name\" content=\"NouPLus\" \/>\n<meta property=\"article:modified_time\" content=\"2026-02-11T06:35:51+00:00\" \/>\n<meta property=\"og:image\" content=\"https:\/\/nouplus.fact.com.tr\/wp-content\/uploads\/2026\/02\/zink-1.webp\" \/>\n\t<meta property=\"og:image:width\" content=\"1200\" \/>\n\t<meta property=\"og:image:height\" content=\"1200\" \/>\n\t<meta property=\"og:image:type\" content=\"image\/webp\" \/>\n<meta name=\"twitter:card\" content=\"summary_large_image\" \/>\n<script type=\"application\/ld+json\" class=\"yoast-schema-graph\">{\"@context\":\"https:\/\/schema.org\",\"@graph\":[{\"@type\":\"WebPage\",\"@id\":\"https:\/\/nouplus.fact.com.tr\/?product=nouplus-zinkold-cinko-iceren-sprey\",\"url\":\"https:\/\/nouplus.fact.com.tr\/?product=nouplus-zinkold-cinko-iceren-sprey\",\"name\":\"Nouplus Zinkold \u00c7inko \u0130\u00e7eren Sprey - NouPLus\",\"isPartOf\":{\"@id\":\"https:\/\/nouplus.fact.com.tr\/#website\"},\"primaryImageOfPage\":{\"@id\":\"https:\/\/nouplus.fact.com.tr\/?product=nouplus-zinkold-cinko-iceren-sprey#primaryimage\"},\"image\":{\"@id\":\"https:\/\/nouplus.fact.com.tr\/?product=nouplus-zinkold-cinko-iceren-sprey#primaryimage\"},\"thumbnailUrl\":\"https:\/\/nouplus.fact.com.tr\/wp-content\/uploads\/2026\/02\/zink-1.webp\",\"datePublished\":\"2026-02-11T06:27:25+00:00\",\"dateModified\":\"2026-02-11T06:35:51+00:00\",\"breadcrumb\":{\"@id\":\"https:\/\/nouplus.fact.com.tr\/?product=nouplus-zinkold-cinko-iceren-sprey#breadcrumb\"},\"inLanguage\":\"tr\",\"potentialAction\":[{\"@type\":\"ReadAction\",\"target\":[\"https:\/\/nouplus.fact.com.tr\/?product=nouplus-zinkold-cinko-iceren-sprey\"]}]},{\"@type\":\"ImageObject\",\"inLanguage\":\"tr\",\"@id\":\"https:\/\/nouplus.fact.com.tr\/?product=nouplus-zinkold-cinko-iceren-sprey#primaryimage\",\"url\":\"https:\/\/nouplus.fact.com.tr\/wp-content\/uploads\/2026\/02\/zink-1.webp\",\"contentUrl\":\"https:\/\/nouplus.fact.com.tr\/wp-content\/uploads\/2026\/02\/zink-1.webp\",\"width\":1200,\"height\":1200},{\"@type\":\"BreadcrumbList\",\"@id\":\"https:\/\/nouplus.fact.com.tr\/?product=nouplus-zinkold-cinko-iceren-sprey#breadcrumb\",\"itemListElement\":[{\"@type\":\"ListItem\",\"position\":1,\"name\":\"Anasayfa\",\"item\":\"https:\/\/nouplus.fact.com.tr\/\"},{\"@type\":\"ListItem\",\"position\":2,\"name\":\"\u00dcr\u00fcnler\",\"item\":\"https:\/\/nouplus.fact.com.tr\/?page_id=8\"},{\"@type\":\"ListItem\",\"position\":3,\"name\":\"Nouplus Zinkold \u00c7inko \u0130\u00e7eren Sprey\"}]},{\"@type\":\"WebSite\",\"@id\":\"https:\/\/nouplus.fact.com.tr\/#website\",\"url\":\"https:\/\/nouplus.fact.com.tr\/\",\"name\":\"NouPLus\",\"description\":\"\",\"publisher\":{\"@id\":\"https:\/\/nouplus.fact.com.tr\/#organization\"},\"potentialAction\":[{\"@type\":\"SearchAction\",\"target\":{\"@type\":\"EntryPoint\",\"urlTemplate\":\"https:\/\/nouplus.fact.com.tr\/?s={search_term_string}\"},\"query-input\":{\"@type\":\"PropertyValueSpecification\",\"valueRequired\":true,\"valueName\":\"search_term_string\"}}],\"inLanguage\":\"tr\"},{\"@type\":\"Organization\",\"@id\":\"https:\/\/nouplus.fact.com.tr\/#organization\",\"name\":\"NouPLus\",\"url\":\"https:\/\/nouplus.fact.com.tr\/\",\"logo\":{\"@type\":\"ImageObject\",\"inLanguage\":\"tr\",\"@id\":\"https:\/\/nouplus.fact.com.tr\/#\/schema\/logo\/image\/\",\"url\":\"https:\/\/nouplus.fact.com.tr\/wp-content\/uploads\/2026\/02\/NouPlus_Logo-RGB.png\",\"contentUrl\":\"https:\/\/nouplus.fact.com.tr\/wp-content\/uploads\/2026\/02\/NouPlus_Logo-RGB.png\",\"width\":900,\"height\":436,\"caption\":\"NouPLus\"},\"image\":{\"@id\":\"https:\/\/nouplus.fact.com.tr\/#\/schema\/logo\/image\/\"}}]}<\/script>\n<!-- \/ Yoast SEO plugin. -->","yoast_head_json":{"title":"Nouplus Zinkold \u00c7inko \u0130\u00e7eren Sprey - NouPLus","robots":{"index":"noindex","follow":"follow","max-snippet":"max-snippet:-1","max-image-preview":"max-image-preview:large","max-video-preview":"max-video-preview:-1"},"og_locale":"tr_TR","og_type":"article","og_title":"Nouplus Zinkold \u00c7inko \u0130\u00e7eren Sprey - NouPLus","og_description":"Nouplus Ratio Auream; form\u00fclasyonunda resveratrol, glutatyon, alfa-lipoik asit, kuersetin, koenzim Q10, likopen, L-karnitin, taurin gibi g\u00fc\u00e7l\u00fc antioksidanlar, 13 vitamin ve 8 mineral i\u00e7eren bir g\u0131da takviyesidir.","og_url":"https:\/\/nouplus.fact.com.tr\/?product=nouplus-zinkold-cinko-iceren-sprey","og_site_name":"NouPLus","article_modified_time":"2026-02-11T06:35:51+00:00","og_image":[{"width":1200,"height":1200,"url":"https:\/\/nouplus.fact.com.tr\/wp-content\/uploads\/2026\/02\/zink-1.webp","type":"image\/webp"}],"twitter_card":"summary_large_image","schema":{"@context":"https:\/\/schema.org","@graph":[{"@type":"WebPage","@id":"https:\/\/nouplus.fact.com.tr\/?product=nouplus-zinkold-cinko-iceren-sprey","url":"https:\/\/nouplus.fact.com.tr\/?product=nouplus-zinkold-cinko-iceren-sprey","name":"Nouplus Zinkold \u00c7inko \u0130\u00e7eren Sprey - NouPLus","isPartOf":{"@id":"https:\/\/nouplus.fact.com.tr\/#website"},"primaryImageOfPage":{"@id":"https:\/\/nouplus.fact.com.tr\/?product=nouplus-zinkold-cinko-iceren-sprey#primaryimage"},"image":{"@id":"https:\/\/nouplus.fact.com.tr\/?product=nouplus-zinkold-cinko-iceren-sprey#primaryimage"},"thumbnailUrl":"https:\/\/nouplus.fact.com.tr\/wp-content\/uploads\/2026\/02\/zink-1.webp","datePublished":"2026-02-11T06:27:25+00:00","dateModified":"2026-02-11T06:35:51+00:00","breadcrumb":{"@id":"https:\/\/nouplus.fact.com.tr\/?product=nouplus-zinkold-cinko-iceren-sprey#breadcrumb"},"inLanguage":"tr","potentialAction":[{"@type":"ReadAction","target":["https:\/\/nouplus.fact.com.tr\/?product=nouplus-zinkold-cinko-iceren-sprey"]}]},{"@type":"ImageObject","inLanguage":"tr","@id":"https:\/\/nouplus.fact.com.tr\/?product=nouplus-zinkold-cinko-iceren-sprey#primaryimage","url":"https:\/\/nouplus.fact.com.tr\/wp-content\/uploads\/2026\/02\/zink-1.webp","contentUrl":"https:\/\/nouplus.fact.com.tr\/wp-content\/uploads\/2026\/02\/zink-1.webp","width":1200,"height":1200},{"@type":"BreadcrumbList","@id":"https:\/\/nouplus.fact.com.tr\/?product=nouplus-zinkold-cinko-iceren-sprey#breadcrumb","itemListElement":[{"@type":"ListItem","position":1,"name":"Anasayfa","item":"https:\/\/nouplus.fact.com.tr\/"},{"@type":"ListItem","position":2,"name":"\u00dcr\u00fcnler","item":"https:\/\/nouplus.fact.com.tr\/?page_id=8"},{"@type":"ListItem","position":3,"name":"Nouplus Zinkold \u00c7inko \u0130\u00e7eren Sprey"}]},{"@type":"WebSite","@id":"https:\/\/nouplus.fact.com.tr\/#website","url":"https:\/\/nouplus.fact.com.tr\/","name":"NouPLus","description":"","publisher":{"@id":"https:\/\/nouplus.fact.com.tr\/#organization"},"potentialAction":[{"@type":"SearchAction","target":{"@type":"EntryPoint","urlTemplate":"https:\/\/nouplus.fact.com.tr\/?s={search_term_string}"},"query-input":{"@type":"PropertyValueSpecification","valueRequired":true,"valueName":"search_term_string"}}],"inLanguage":"tr"},{"@type":"Organization","@id":"https:\/\/nouplus.fact.com.tr\/#organization","name":"NouPLus","url":"https:\/\/nouplus.fact.com.tr\/","logo":{"@type":"ImageObject","inLanguage":"tr","@id":"https:\/\/nouplus.fact.com.tr\/#\/schema\/logo\/image\/","url":"https:\/\/nouplus.fact.com.tr\/wp-content\/uploads\/2026\/02\/NouPlus_Logo-RGB.png","contentUrl":"https:\/\/nouplus.fact.com.tr\/wp-content\/uploads\/2026\/02\/NouPlus_Logo-RGB.png","width":900,"height":436,"caption":"NouPLus"},"image":{"@id":"https:\/\/nouplus.fact.com.tr\/#\/schema\/logo\/image\/"}}]}},"_links":{"self":[{"href":"https:\/\/nouplus.fact.com.tr\/index.php?rest_route=\/wp\/v2\/product\/637","targetHints":{"allow":["GET"]}}],"collection":[{"href":"https:\/\/nouplus.fact.com.tr\/index.php?rest_route=\/wp\/v2\/product"}],"about":[{"href":"https:\/\/nouplus.fact.com.tr\/index.php?rest_route=\/wp\/v2\/types\/product"}],"replies":[{"embeddable":true,"href":"https:\/\/nouplus.fact.com.tr\/index.php?rest_route=%2Fwp%2Fv2%2Fcomments&post=637"}],"wp:featuredmedia":[{"embeddable":true,"href":"https:\/\/nouplus.fact.com.tr\/index.php?rest_route=\/wp\/v2\/media\/688"}],"wp:attachment":[{"href":"https:\/\/nouplus.fact.com.tr\/index.php?rest_route=%2Fwp%2Fv2%2Fmedia&parent=637"}],"wp:term":[{"taxonomy":"product_brand","embeddable":true,"href":"https:\/\/nouplus.fact.com.tr\/index.php?rest_route=%2Fwp%2Fv2%2Fproduct_brand&post=637"},{"taxonomy":"product_cat","embeddable":true,"href":"https:\/\/nouplus.fact.com.tr\/index.php?rest_route=%2Fwp%2Fv2%2Fproduct_cat&post=637"},{"taxonomy":"product_tag","embeddable":true,"href":"https:\/\/nouplus.fact.com.tr\/index.php?rest_route=%2Fwp%2Fv2%2Fproduct_tag&post=637"}],"curies":[{"name":"wp","href":"https:\/\/api.w.org\/{rel}","templated":true}]}}