{"id":636,"date":"2026-02-11T10:27:25","date_gmt":"2026-02-11T07:27:25","guid":{"rendered":"https:\/\/nouplus.fact.com.tr\/?post_type=product&#038;p=636"},"modified":"2026-02-16T17:39:53","modified_gmt":"2026-02-16T14:39:53","slug":"nouplus-ratio-auream-multivitamin-mineral-kapsul","status":"publish","type":"product","link":"https:\/\/nouplus.fact.com.tr\/?product=nouplus-ratio-auream-multivitamin-mineral-kapsul","title":{"rendered":"Nouplus Ratio Auream Multivitamin, Mineral Kaps\u00fcl"},"content":{"rendered":"\n<p>Nouplus Ratio Auream, 13 vitamin, 8 mineral ve 8 antioksidan ile v\u00fccudumuzun g\u00fcnl\u00fck mikrobesin ihtiyac\u0131n\u0131 sa\u011flayan zengin i\u00e7erikli bir multivitamin-mineral kaps\u00fcld\u00fcr. \u00dcr\u00fcn\u00fcn i\u00e7eri\u011finde resveratrol, glutatyon,alfa-lipoik asit, kuersetin, koenzim Q10, likopen, L-karnitin ve taurin gibi \u00e7ok g\u00fc\u00e7l\u00fc antioksidanlar bulunmaktad\u0131r. Etkinlikleri klinik \u00e7al\u0131\u015fmalarla kan\u0131tlanm\u0131\u015f patentli molek\u00fcller (Veri-te\u2122 %98 Trans-Resveratrol, Naturex %95 Quercetin, Carnipure L-Carnitine, DSM Quali C) kullan\u0131lm\u0131\u015ft\u0131r. Biyoaktif ve biyoyararlan\u0131m\u0131 y\u00fcksek etken maddeler (metilkobalamin (B12 vitamini), krom pikolinat, \u00e7inko pikolinat, demir bisglisinat, D-biotin, sodyum-L-askorbat (C vitamini) kullan\u0131lm\u0131\u015ft\u0131r.<\/p>\n","protected":false},"excerpt":{"rendered":"<p>Nouplus Ratio Auream; form\u00fclasyonunda resveratrol, glutatyon, alfa-lipoik asit, kuersetin, koenzim Q10, likopen, L-karnitin, taurin gibi g\u00fc\u00e7l\u00fc antioksidanlar, 13 vitamin ve 8 mineral i\u00e7eren bir g\u0131da takviyesidir.<\/p>\n","protected":false},"featured_media":704,"comment_status":"open","ping_status":"closed","template":"","meta":[],"product_brand":[],"product_cat":[113],"product_tag":[114,115,83,57,91,66,116,117,86,118,119,120,121,101,122,87,123,124,125,71,72,126,127,73,84,55,52,128,53],"class_list":{"0":"post-636","1":"product","2":"type-product","3":"status-publish","4":"has-post-thumbnail","6":"product_cat-multivitamin","7":"product_tag-alfa-lipoik-asit","8":"product_tag-bakir","9":"product_tag-biotin","10":"product_tag-cinko","11":"product_tag-demir","12":"product_tag-folik-asit","13":"product_tag-glutatyon","14":"product_tag-iyot","15":"product_tag-koenzim-q10","16":"product_tag-krom","17":"product_tag-kuersetin","18":"product_tag-l-karnitin","19":"product_tag-likopen","20":"product_tag-magnezyum","21":"product_tag-molibden","22":"product_tag-resveratrol","23":"product_tag-selenyum","24":"product_tag-taurin","25":"product_tag-vitamin-a","26":"product_tag-vitamin-b1","27":"product_tag-vitamin-b12","28":"product_tag-vitamin-b2","29":"product_tag-vitamin-b3","30":"product_tag-vitamin-b5","31":"product_tag-vitamin-b6","32":"product_tag-vitamin-c","33":"product_tag-vitamin-d3","34":"product_tag-vitamin-e","35":"product_tag-vitamin-k2","37":"first","38":"instock","39":"sale","40":"shipping-taxable","41":"purchasable","42":"product-type-simple"},"yoast_head":"<!-- This site is optimized with the Yoast SEO plugin v26.9 - https:\/\/yoast.com\/product\/yoast-seo-wordpress\/ -->\n<title>Nouplus Ratio Auream Multivitamin, Mineral Kaps\u00fcl - NouPLus<\/title>\n<meta name=\"robots\" content=\"noindex, follow, max-snippet:-1, max-image-preview:large, max-video-preview:-1\" \/>\n<meta property=\"og:locale\" content=\"tr_TR\" \/>\n<meta property=\"og:type\" content=\"article\" \/>\n<meta property=\"og:title\" content=\"Nouplus Ratio Auream Multivitamin, Mineral Kaps\u00fcl - NouPLus\" \/>\n<meta property=\"og:description\" content=\"Nouplus Ratio Auream; form\u00fclasyonunda resveratrol, glutatyon, alfa-lipoik asit, kuersetin, koenzim Q10, likopen, L-karnitin, taurin gibi g\u00fc\u00e7l\u00fc antioksidanlar, 13 vitamin ve 8 mineral i\u00e7eren bir g\u0131da takviyesidir.\" \/>\n<meta property=\"og:url\" content=\"https:\/\/nouplus.fact.com.tr\/?product=nouplus-ratio-auream-multivitamin-mineral-kapsul\" \/>\n<meta property=\"og:site_name\" content=\"NouPLus\" \/>\n<meta property=\"article:modified_time\" content=\"2026-02-16T14:39:53+00:00\" \/>\n<meta property=\"og:image\" content=\"https:\/\/nouplus.fact.com.tr\/wp-content\/uploads\/2026\/02\/RatioAurem-3d-v2.webp\" \/>\n\t<meta property=\"og:image:width\" content=\"1200\" \/>\n\t<meta property=\"og:image:height\" content=\"960\" \/>\n\t<meta property=\"og:image:type\" content=\"image\/webp\" \/>\n<meta name=\"twitter:card\" content=\"summary_large_image\" \/>\n<meta name=\"twitter:label1\" content=\"Tahmini okuma s\u00fcresi\" \/>\n\t<meta name=\"twitter:data1\" content=\"1 dakika\" \/>\n<script type=\"application\/ld+json\" class=\"yoast-schema-graph\">{\"@context\":\"https:\/\/schema.org\",\"@graph\":[{\"@type\":\"WebPage\",\"@id\":\"https:\/\/nouplus.fact.com.tr\/?product=nouplus-ratio-auream-multivitamin-mineral-kapsul\",\"url\":\"https:\/\/nouplus.fact.com.tr\/?product=nouplus-ratio-auream-multivitamin-mineral-kapsul\",\"name\":\"Nouplus Ratio Auream Multivitamin, Mineral Kaps\u00fcl - NouPLus\",\"isPartOf\":{\"@id\":\"https:\/\/nouplus.fact.com.tr\/#website\"},\"primaryImageOfPage\":{\"@id\":\"https:\/\/nouplus.fact.com.tr\/?product=nouplus-ratio-auream-multivitamin-mineral-kapsul#primaryimage\"},\"image\":{\"@id\":\"https:\/\/nouplus.fact.com.tr\/?product=nouplus-ratio-auream-multivitamin-mineral-kapsul#primaryimage\"},\"thumbnailUrl\":\"https:\/\/nouplus.fact.com.tr\/wp-content\/uploads\/2026\/02\/RatioAurem-3d-v2.webp\",\"datePublished\":\"2026-02-11T07:27:25+00:00\",\"dateModified\":\"2026-02-16T14:39:53+00:00\",\"breadcrumb\":{\"@id\":\"https:\/\/nouplus.fact.com.tr\/?product=nouplus-ratio-auream-multivitamin-mineral-kapsul#breadcrumb\"},\"inLanguage\":\"tr\",\"potentialAction\":[{\"@type\":\"ReadAction\",\"target\":[\"https:\/\/nouplus.fact.com.tr\/?product=nouplus-ratio-auream-multivitamin-mineral-kapsul\"]}]},{\"@type\":\"ImageObject\",\"inLanguage\":\"tr\",\"@id\":\"https:\/\/nouplus.fact.com.tr\/?product=nouplus-ratio-auream-multivitamin-mineral-kapsul#primaryimage\",\"url\":\"https:\/\/nouplus.fact.com.tr\/wp-content\/uploads\/2026\/02\/RatioAurem-3d-v2.webp\",\"contentUrl\":\"https:\/\/nouplus.fact.com.tr\/wp-content\/uploads\/2026\/02\/RatioAurem-3d-v2.webp\",\"width\":1200,\"height\":960},{\"@type\":\"BreadcrumbList\",\"@id\":\"https:\/\/nouplus.fact.com.tr\/?product=nouplus-ratio-auream-multivitamin-mineral-kapsul#breadcrumb\",\"itemListElement\":[{\"@type\":\"ListItem\",\"position\":1,\"name\":\"Anasayfa\",\"item\":\"https:\/\/nouplus.fact.com.tr\/\"},{\"@type\":\"ListItem\",\"position\":2,\"name\":\"\u00dcr\u00fcnler\",\"item\":\"https:\/\/nouplus.fact.com.tr\/?page_id=8\"},{\"@type\":\"ListItem\",\"position\":3,\"name\":\"Nouplus Ratio Auream Multivitamin, Mineral Kaps\u00fcl\"}]},{\"@type\":\"WebSite\",\"@id\":\"https:\/\/nouplus.fact.com.tr\/#website\",\"url\":\"https:\/\/nouplus.fact.com.tr\/\",\"name\":\"NouPLus\",\"description\":\"\",\"publisher\":{\"@id\":\"https:\/\/nouplus.fact.com.tr\/#organization\"},\"potentialAction\":[{\"@type\":\"SearchAction\",\"target\":{\"@type\":\"EntryPoint\",\"urlTemplate\":\"https:\/\/nouplus.fact.com.tr\/?s={search_term_string}\"},\"query-input\":{\"@type\":\"PropertyValueSpecification\",\"valueRequired\":true,\"valueName\":\"search_term_string\"}}],\"inLanguage\":\"tr\"},{\"@type\":\"Organization\",\"@id\":\"https:\/\/nouplus.fact.com.tr\/#organization\",\"name\":\"NouPLus\",\"url\":\"https:\/\/nouplus.fact.com.tr\/\",\"logo\":{\"@type\":\"ImageObject\",\"inLanguage\":\"tr\",\"@id\":\"https:\/\/nouplus.fact.com.tr\/#\/schema\/logo\/image\/\",\"url\":\"https:\/\/nouplus.fact.com.tr\/wp-content\/uploads\/2026\/02\/NouPlus_Logo-RGB.png\",\"contentUrl\":\"https:\/\/nouplus.fact.com.tr\/wp-content\/uploads\/2026\/02\/NouPlus_Logo-RGB.png\",\"width\":900,\"height\":436,\"caption\":\"NouPLus\"},\"image\":{\"@id\":\"https:\/\/nouplus.fact.com.tr\/#\/schema\/logo\/image\/\"}}]}<\/script>\n<!-- \/ Yoast SEO plugin. -->","yoast_head_json":{"title":"Nouplus Ratio Auream Multivitamin, Mineral Kaps\u00fcl - NouPLus","robots":{"index":"noindex","follow":"follow","max-snippet":"max-snippet:-1","max-image-preview":"max-image-preview:large","max-video-preview":"max-video-preview:-1"},"og_locale":"tr_TR","og_type":"article","og_title":"Nouplus Ratio Auream Multivitamin, Mineral Kaps\u00fcl - NouPLus","og_description":"Nouplus Ratio Auream; form\u00fclasyonunda resveratrol, glutatyon, alfa-lipoik asit, kuersetin, koenzim Q10, likopen, L-karnitin, taurin gibi g\u00fc\u00e7l\u00fc antioksidanlar, 13 vitamin ve 8 mineral i\u00e7eren bir g\u0131da takviyesidir.","og_url":"https:\/\/nouplus.fact.com.tr\/?product=nouplus-ratio-auream-multivitamin-mineral-kapsul","og_site_name":"NouPLus","article_modified_time":"2026-02-16T14:39:53+00:00","og_image":[{"width":1200,"height":960,"url":"https:\/\/nouplus.fact.com.tr\/wp-content\/uploads\/2026\/02\/RatioAurem-3d-v2.webp","type":"image\/webp"}],"twitter_card":"summary_large_image","twitter_misc":{"Tahmini okuma s\u00fcresi":"1 dakika"},"schema":{"@context":"https:\/\/schema.org","@graph":[{"@type":"WebPage","@id":"https:\/\/nouplus.fact.com.tr\/?product=nouplus-ratio-auream-multivitamin-mineral-kapsul","url":"https:\/\/nouplus.fact.com.tr\/?product=nouplus-ratio-auream-multivitamin-mineral-kapsul","name":"Nouplus Ratio Auream Multivitamin, Mineral Kaps\u00fcl - NouPLus","isPartOf":{"@id":"https:\/\/nouplus.fact.com.tr\/#website"},"primaryImageOfPage":{"@id":"https:\/\/nouplus.fact.com.tr\/?product=nouplus-ratio-auream-multivitamin-mineral-kapsul#primaryimage"},"image":{"@id":"https:\/\/nouplus.fact.com.tr\/?product=nouplus-ratio-auream-multivitamin-mineral-kapsul#primaryimage"},"thumbnailUrl":"https:\/\/nouplus.fact.com.tr\/wp-content\/uploads\/2026\/02\/RatioAurem-3d-v2.webp","datePublished":"2026-02-11T07:27:25+00:00","dateModified":"2026-02-16T14:39:53+00:00","breadcrumb":{"@id":"https:\/\/nouplus.fact.com.tr\/?product=nouplus-ratio-auream-multivitamin-mineral-kapsul#breadcrumb"},"inLanguage":"tr","potentialAction":[{"@type":"ReadAction","target":["https:\/\/nouplus.fact.com.tr\/?product=nouplus-ratio-auream-multivitamin-mineral-kapsul"]}]},{"@type":"ImageObject","inLanguage":"tr","@id":"https:\/\/nouplus.fact.com.tr\/?product=nouplus-ratio-auream-multivitamin-mineral-kapsul#primaryimage","url":"https:\/\/nouplus.fact.com.tr\/wp-content\/uploads\/2026\/02\/RatioAurem-3d-v2.webp","contentUrl":"https:\/\/nouplus.fact.com.tr\/wp-content\/uploads\/2026\/02\/RatioAurem-3d-v2.webp","width":1200,"height":960},{"@type":"BreadcrumbList","@id":"https:\/\/nouplus.fact.com.tr\/?product=nouplus-ratio-auream-multivitamin-mineral-kapsul#breadcrumb","itemListElement":[{"@type":"ListItem","position":1,"name":"Anasayfa","item":"https:\/\/nouplus.fact.com.tr\/"},{"@type":"ListItem","position":2,"name":"\u00dcr\u00fcnler","item":"https:\/\/nouplus.fact.com.tr\/?page_id=8"},{"@type":"ListItem","position":3,"name":"Nouplus Ratio Auream Multivitamin, Mineral Kaps\u00fcl"}]},{"@type":"WebSite","@id":"https:\/\/nouplus.fact.com.tr\/#website","url":"https:\/\/nouplus.fact.com.tr\/","name":"NouPLus","description":"","publisher":{"@id":"https:\/\/nouplus.fact.com.tr\/#organization"},"potentialAction":[{"@type":"SearchAction","target":{"@type":"EntryPoint","urlTemplate":"https:\/\/nouplus.fact.com.tr\/?s={search_term_string}"},"query-input":{"@type":"PropertyValueSpecification","valueRequired":true,"valueName":"search_term_string"}}],"inLanguage":"tr"},{"@type":"Organization","@id":"https:\/\/nouplus.fact.com.tr\/#organization","name":"NouPLus","url":"https:\/\/nouplus.fact.com.tr\/","logo":{"@type":"ImageObject","inLanguage":"tr","@id":"https:\/\/nouplus.fact.com.tr\/#\/schema\/logo\/image\/","url":"https:\/\/nouplus.fact.com.tr\/wp-content\/uploads\/2026\/02\/NouPlus_Logo-RGB.png","contentUrl":"https:\/\/nouplus.fact.com.tr\/wp-content\/uploads\/2026\/02\/NouPlus_Logo-RGB.png","width":900,"height":436,"caption":"NouPLus"},"image":{"@id":"https:\/\/nouplus.fact.com.tr\/#\/schema\/logo\/image\/"}}]}},"_links":{"self":[{"href":"https:\/\/nouplus.fact.com.tr\/index.php?rest_route=\/wp\/v2\/product\/636","targetHints":{"allow":["GET"]}}],"collection":[{"href":"https:\/\/nouplus.fact.com.tr\/index.php?rest_route=\/wp\/v2\/product"}],"about":[{"href":"https:\/\/nouplus.fact.com.tr\/index.php?rest_route=\/wp\/v2\/types\/product"}],"replies":[{"embeddable":true,"href":"https:\/\/nouplus.fact.com.tr\/index.php?rest_route=%2Fwp%2Fv2%2Fcomments&post=636"}],"wp:featuredmedia":[{"embeddable":true,"href":"https:\/\/nouplus.fact.com.tr\/index.php?rest_route=\/wp\/v2\/media\/704"}],"wp:attachment":[{"href":"https:\/\/nouplus.fact.com.tr\/index.php?rest_route=%2Fwp%2Fv2%2Fmedia&parent=636"}],"wp:term":[{"taxonomy":"product_brand","embeddable":true,"href":"https:\/\/nouplus.fact.com.tr\/index.php?rest_route=%2Fwp%2Fv2%2Fproduct_brand&post=636"},{"taxonomy":"product_cat","embeddable":true,"href":"https:\/\/nouplus.fact.com.tr\/index.php?rest_route=%2Fwp%2Fv2%2Fproduct_cat&post=636"},{"taxonomy":"product_tag","embeddable":true,"href":"https:\/\/nouplus.fact.com.tr\/index.php?rest_route=%2Fwp%2Fv2%2Fproduct_tag&post=636"}],"curies":[{"name":"wp","href":"https:\/\/api.w.org\/{rel}","templated":true}]}}