{"id":635,"date":"2026-02-11T09:27:25","date_gmt":"2026-02-11T06:27:25","guid":{"rendered":"https:\/\/nouplus.fact.com.tr\/?post_type=product&#038;p=635"},"modified":"2026-02-11T09:35:51","modified_gmt":"2026-02-11T06:35:51","slug":"nouplus-premium-omega-3-60-softgel","status":"publish","type":"product","link":"https:\/\/nouplus.fact.com.tr\/?product=nouplus-premium-omega-3-60-softgel","title":{"rendered":"Nouplus Premium Omega-3 60 Softgel"},"content":{"rendered":"<p>Nouplus Premium Omega 3 bal\u0131k ya\u011f\u0131n\u0131n kayna\u011f\u0131 G\u00fcney Pasifik Okyanusu\u2019nda ya\u015fan k\u00fc\u00e7\u00fck an\u00e7\u00fcez bal\u0131klar\u0131d\u0131r ve IFOS sertifikas\u0131na, patentli teknolojilere sahip, GOED \u00fcyesi Golden Omega\u2019dan tedarik edilmektedir. Form\u00fcl\u00fcnde y\u00fcksek oranda EPA\/DHA i\u00e7ermektedir. Trigliserid formda ve limon aromal\u0131d\u0131r.<\/p>\n","protected":false},"excerpt":{"rendered":"<p>Nouplus Premium Omega 3 bal\u0131k ya\u011f\u0131n\u0131n kayna\u011f\u0131 G\u00fcney Pasifik Okyanusu\u2019nda ya\u015fan k\u00fc\u00e7\u00fck an\u00e7\u00fcez bal\u0131klar\u0131d\u0131r ve IFOS sertifikas\u0131na, patentli teknolojilere sahip, GOED \u00fcyesi Golden Omega\u2019dan tedarik edilmektedir.<span class=\"excerpt-hellip\"> [\u2026]<\/span><\/p>\n","protected":false},"featured_media":684,"comment_status":"open","ping_status":"closed","template":"","meta":[],"product_brand":[],"product_cat":[110],"product_tag":[65,111,112],"class_list":{"0":"post-635","1":"product","2":"type-product","3":"status-publish","4":"has-post-thumbnail","6":"product_cat-omega-3","7":"product_tag-dha","8":"product_tag-epa","9":"product_tag-omega-3","11":"first","12":"instock","13":"sale","14":"shipping-taxable","15":"purchasable","16":"product-type-simple"},"yoast_head":"<!-- This site is optimized with the Yoast SEO plugin v26.9 - https:\/\/yoast.com\/product\/yoast-seo-wordpress\/ -->\n<title>Nouplus Premium Omega-3 60 Softgel - NouPLus<\/title>\n<meta name=\"robots\" content=\"noindex, follow, max-snippet:-1, max-image-preview:large, max-video-preview:-1\" \/>\n<meta property=\"og:locale\" content=\"tr_TR\" \/>\n<meta property=\"og:type\" content=\"article\" \/>\n<meta property=\"og:title\" content=\"Nouplus Premium Omega-3 60 Softgel - NouPLus\" \/>\n<meta property=\"og:description\" content=\"Nouplus Premium Omega 3 bal\u0131k ya\u011f\u0131n\u0131n kayna\u011f\u0131 G\u00fcney Pasifik Okyanusu\u2019nda ya\u015fan k\u00fc\u00e7\u00fck an\u00e7\u00fcez bal\u0131klar\u0131d\u0131r ve IFOS sertifikas\u0131na, patentli teknolojilere sahip, GOED \u00fcyesi Golden Omega\u2019dan tedarik edilmektedir. [\u2026]\" \/>\n<meta property=\"og:url\" content=\"https:\/\/nouplus.fact.com.tr\/?product=nouplus-premium-omega-3-60-softgel\" \/>\n<meta property=\"og:site_name\" content=\"NouPLus\" \/>\n<meta property=\"article:modified_time\" content=\"2026-02-11T06:35:51+00:00\" \/>\n<meta property=\"og:image\" content=\"https:\/\/nouplus.fact.com.tr\/wp-content\/uploads\/2026\/02\/omega-3-2-1.webp\" \/>\n\t<meta property=\"og:image:width\" content=\"1200\" \/>\n\t<meta property=\"og:image:height\" content=\"1200\" \/>\n\t<meta property=\"og:image:type\" content=\"image\/webp\" \/>\n<meta name=\"twitter:card\" content=\"summary_large_image\" \/>\n<script type=\"application\/ld+json\" class=\"yoast-schema-graph\">{\"@context\":\"https:\/\/schema.org\",\"@graph\":[{\"@type\":\"WebPage\",\"@id\":\"https:\/\/nouplus.fact.com.tr\/?product=nouplus-premium-omega-3-60-softgel\",\"url\":\"https:\/\/nouplus.fact.com.tr\/?product=nouplus-premium-omega-3-60-softgel\",\"name\":\"Nouplus Premium Omega-3 60 Softgel - NouPLus\",\"isPartOf\":{\"@id\":\"https:\/\/nouplus.fact.com.tr\/#website\"},\"primaryImageOfPage\":{\"@id\":\"https:\/\/nouplus.fact.com.tr\/?product=nouplus-premium-omega-3-60-softgel#primaryimage\"},\"image\":{\"@id\":\"https:\/\/nouplus.fact.com.tr\/?product=nouplus-premium-omega-3-60-softgel#primaryimage\"},\"thumbnailUrl\":\"https:\/\/nouplus.fact.com.tr\/wp-content\/uploads\/2026\/02\/omega-3-2-1.webp\",\"datePublished\":\"2026-02-11T06:27:25+00:00\",\"dateModified\":\"2026-02-11T06:35:51+00:00\",\"breadcrumb\":{\"@id\":\"https:\/\/nouplus.fact.com.tr\/?product=nouplus-premium-omega-3-60-softgel#breadcrumb\"},\"inLanguage\":\"tr\",\"potentialAction\":[{\"@type\":\"ReadAction\",\"target\":[\"https:\/\/nouplus.fact.com.tr\/?product=nouplus-premium-omega-3-60-softgel\"]}]},{\"@type\":\"ImageObject\",\"inLanguage\":\"tr\",\"@id\":\"https:\/\/nouplus.fact.com.tr\/?product=nouplus-premium-omega-3-60-softgel#primaryimage\",\"url\":\"https:\/\/nouplus.fact.com.tr\/wp-content\/uploads\/2026\/02\/omega-3-2-1.webp\",\"contentUrl\":\"https:\/\/nouplus.fact.com.tr\/wp-content\/uploads\/2026\/02\/omega-3-2-1.webp\",\"width\":1200,\"height\":1200},{\"@type\":\"BreadcrumbList\",\"@id\":\"https:\/\/nouplus.fact.com.tr\/?product=nouplus-premium-omega-3-60-softgel#breadcrumb\",\"itemListElement\":[{\"@type\":\"ListItem\",\"position\":1,\"name\":\"Anasayfa\",\"item\":\"https:\/\/nouplus.fact.com.tr\/\"},{\"@type\":\"ListItem\",\"position\":2,\"name\":\"\u00dcr\u00fcnler\",\"item\":\"https:\/\/nouplus.fact.com.tr\/?page_id=8\"},{\"@type\":\"ListItem\",\"position\":3,\"name\":\"Nouplus Premium Omega-3 60 Softgel\"}]},{\"@type\":\"WebSite\",\"@id\":\"https:\/\/nouplus.fact.com.tr\/#website\",\"url\":\"https:\/\/nouplus.fact.com.tr\/\",\"name\":\"NouPLus\",\"description\":\"\",\"publisher\":{\"@id\":\"https:\/\/nouplus.fact.com.tr\/#organization\"},\"potentialAction\":[{\"@type\":\"SearchAction\",\"target\":{\"@type\":\"EntryPoint\",\"urlTemplate\":\"https:\/\/nouplus.fact.com.tr\/?s={search_term_string}\"},\"query-input\":{\"@type\":\"PropertyValueSpecification\",\"valueRequired\":true,\"valueName\":\"search_term_string\"}}],\"inLanguage\":\"tr\"},{\"@type\":\"Organization\",\"@id\":\"https:\/\/nouplus.fact.com.tr\/#organization\",\"name\":\"NouPLus\",\"url\":\"https:\/\/nouplus.fact.com.tr\/\",\"logo\":{\"@type\":\"ImageObject\",\"inLanguage\":\"tr\",\"@id\":\"https:\/\/nouplus.fact.com.tr\/#\/schema\/logo\/image\/\",\"url\":\"https:\/\/nouplus.fact.com.tr\/wp-content\/uploads\/2026\/02\/NouPlus_Logo-RGB.png\",\"contentUrl\":\"https:\/\/nouplus.fact.com.tr\/wp-content\/uploads\/2026\/02\/NouPlus_Logo-RGB.png\",\"width\":900,\"height\":436,\"caption\":\"NouPLus\"},\"image\":{\"@id\":\"https:\/\/nouplus.fact.com.tr\/#\/schema\/logo\/image\/\"}}]}<\/script>\n<!-- \/ Yoast SEO plugin. -->","yoast_head_json":{"title":"Nouplus Premium Omega-3 60 Softgel - NouPLus","robots":{"index":"noindex","follow":"follow","max-snippet":"max-snippet:-1","max-image-preview":"max-image-preview:large","max-video-preview":"max-video-preview:-1"},"og_locale":"tr_TR","og_type":"article","og_title":"Nouplus Premium Omega-3 60 Softgel - NouPLus","og_description":"Nouplus Premium Omega 3 bal\u0131k ya\u011f\u0131n\u0131n kayna\u011f\u0131 G\u00fcney Pasifik Okyanusu\u2019nda ya\u015fan k\u00fc\u00e7\u00fck an\u00e7\u00fcez bal\u0131klar\u0131d\u0131r ve IFOS sertifikas\u0131na, patentli teknolojilere sahip, GOED \u00fcyesi Golden Omega\u2019dan tedarik edilmektedir. [\u2026]","og_url":"https:\/\/nouplus.fact.com.tr\/?product=nouplus-premium-omega-3-60-softgel","og_site_name":"NouPLus","article_modified_time":"2026-02-11T06:35:51+00:00","og_image":[{"width":1200,"height":1200,"url":"https:\/\/nouplus.fact.com.tr\/wp-content\/uploads\/2026\/02\/omega-3-2-1.webp","type":"image\/webp"}],"twitter_card":"summary_large_image","schema":{"@context":"https:\/\/schema.org","@graph":[{"@type":"WebPage","@id":"https:\/\/nouplus.fact.com.tr\/?product=nouplus-premium-omega-3-60-softgel","url":"https:\/\/nouplus.fact.com.tr\/?product=nouplus-premium-omega-3-60-softgel","name":"Nouplus Premium Omega-3 60 Softgel - NouPLus","isPartOf":{"@id":"https:\/\/nouplus.fact.com.tr\/#website"},"primaryImageOfPage":{"@id":"https:\/\/nouplus.fact.com.tr\/?product=nouplus-premium-omega-3-60-softgel#primaryimage"},"image":{"@id":"https:\/\/nouplus.fact.com.tr\/?product=nouplus-premium-omega-3-60-softgel#primaryimage"},"thumbnailUrl":"https:\/\/nouplus.fact.com.tr\/wp-content\/uploads\/2026\/02\/omega-3-2-1.webp","datePublished":"2026-02-11T06:27:25+00:00","dateModified":"2026-02-11T06:35:51+00:00","breadcrumb":{"@id":"https:\/\/nouplus.fact.com.tr\/?product=nouplus-premium-omega-3-60-softgel#breadcrumb"},"inLanguage":"tr","potentialAction":[{"@type":"ReadAction","target":["https:\/\/nouplus.fact.com.tr\/?product=nouplus-premium-omega-3-60-softgel"]}]},{"@type":"ImageObject","inLanguage":"tr","@id":"https:\/\/nouplus.fact.com.tr\/?product=nouplus-premium-omega-3-60-softgel#primaryimage","url":"https:\/\/nouplus.fact.com.tr\/wp-content\/uploads\/2026\/02\/omega-3-2-1.webp","contentUrl":"https:\/\/nouplus.fact.com.tr\/wp-content\/uploads\/2026\/02\/omega-3-2-1.webp","width":1200,"height":1200},{"@type":"BreadcrumbList","@id":"https:\/\/nouplus.fact.com.tr\/?product=nouplus-premium-omega-3-60-softgel#breadcrumb","itemListElement":[{"@type":"ListItem","position":1,"name":"Anasayfa","item":"https:\/\/nouplus.fact.com.tr\/"},{"@type":"ListItem","position":2,"name":"\u00dcr\u00fcnler","item":"https:\/\/nouplus.fact.com.tr\/?page_id=8"},{"@type":"ListItem","position":3,"name":"Nouplus Premium Omega-3 60 Softgel"}]},{"@type":"WebSite","@id":"https:\/\/nouplus.fact.com.tr\/#website","url":"https:\/\/nouplus.fact.com.tr\/","name":"NouPLus","description":"","publisher":{"@id":"https:\/\/nouplus.fact.com.tr\/#organization"},"potentialAction":[{"@type":"SearchAction","target":{"@type":"EntryPoint","urlTemplate":"https:\/\/nouplus.fact.com.tr\/?s={search_term_string}"},"query-input":{"@type":"PropertyValueSpecification","valueRequired":true,"valueName":"search_term_string"}}],"inLanguage":"tr"},{"@type":"Organization","@id":"https:\/\/nouplus.fact.com.tr\/#organization","name":"NouPLus","url":"https:\/\/nouplus.fact.com.tr\/","logo":{"@type":"ImageObject","inLanguage":"tr","@id":"https:\/\/nouplus.fact.com.tr\/#\/schema\/logo\/image\/","url":"https:\/\/nouplus.fact.com.tr\/wp-content\/uploads\/2026\/02\/NouPlus_Logo-RGB.png","contentUrl":"https:\/\/nouplus.fact.com.tr\/wp-content\/uploads\/2026\/02\/NouPlus_Logo-RGB.png","width":900,"height":436,"caption":"NouPLus"},"image":{"@id":"https:\/\/nouplus.fact.com.tr\/#\/schema\/logo\/image\/"}}]}},"_links":{"self":[{"href":"https:\/\/nouplus.fact.com.tr\/index.php?rest_route=\/wp\/v2\/product\/635","targetHints":{"allow":["GET"]}}],"collection":[{"href":"https:\/\/nouplus.fact.com.tr\/index.php?rest_route=\/wp\/v2\/product"}],"about":[{"href":"https:\/\/nouplus.fact.com.tr\/index.php?rest_route=\/wp\/v2\/types\/product"}],"replies":[{"embeddable":true,"href":"https:\/\/nouplus.fact.com.tr\/index.php?rest_route=%2Fwp%2Fv2%2Fcomments&post=635"}],"wp:featuredmedia":[{"embeddable":true,"href":"https:\/\/nouplus.fact.com.tr\/index.php?rest_route=\/wp\/v2\/media\/684"}],"wp:attachment":[{"href":"https:\/\/nouplus.fact.com.tr\/index.php?rest_route=%2Fwp%2Fv2%2Fmedia&parent=635"}],"wp:term":[{"taxonomy":"product_brand","embeddable":true,"href":"https:\/\/nouplus.fact.com.tr\/index.php?rest_route=%2Fwp%2Fv2%2Fproduct_brand&post=635"},{"taxonomy":"product_cat","embeddable":true,"href":"https:\/\/nouplus.fact.com.tr\/index.php?rest_route=%2Fwp%2Fv2%2Fproduct_cat&post=635"},{"taxonomy":"product_tag","embeddable":true,"href":"https:\/\/nouplus.fact.com.tr\/index.php?rest_route=%2Fwp%2Fv2%2Fproduct_tag&post=635"}],"curies":[{"name":"wp","href":"https:\/\/api.w.org\/{rel}","templated":true}]}}