{"id":630,"date":"2026-02-11T09:27:24","date_gmt":"2026-02-11T06:27:24","guid":{"rendered":"https:\/\/nouplus.fact.com.tr\/?post_type=product&#038;p=630"},"modified":"2026-02-11T09:35:52","modified_gmt":"2026-02-11T06:35:52","slug":"nouplus-magnemix-tablet","status":"publish","type":"product","link":"https:\/\/nouplus.fact.com.tr\/?product=nouplus-magnemix-tablet","title":{"rendered":"Nouplus Magnemix Tablet"},"content":{"rendered":"<p>Magnezyumun Hangi Formunu Kullanmal\u0131y\u0131m? Ne zaman kullanmal\u0131y\u0131m? Gibi sorulara cevap niteli\u011finde ve magnezyum kullan\u0131m\u0131na inovatif bir yakla\u015f\u0131m getiren Nouplus Magnemix magnezyumun do\u011fru formunun,do\u011fru zamanda ve sinerjik bir kombinasyonla t\u00fcketiciye sunuldu\u011fu ikili form\u00fcle sahip bir g\u0131da takviyesidir. Sabah tabletleri, kas emilimi y\u00fcksek olan magnezyum sitrat formu ile birlikte, B6 vitaminin aktif formu P5P ve B12 vitamininin aktif formu metilkobalamin i\u00e7ermektedir. Gece tabletleri ise magnezyum bisglisinat ve B6 vitaminin aktif formu P5P i\u00e7ermektedir.<\/p>\n","protected":false},"excerpt":{"rendered":"<p>Magnezyumun Hangi Formunu Kullanmal\u0131y\u0131m? Ne zaman kullanmal\u0131y\u0131m? Gibi sorulara cevap niteli\u011finde ve magnezyum kullan\u0131m\u0131na inovatif bir yakla\u015f\u0131m getiren Nouplus Magnemix magnezyumun do\u011fru formunun,do\u011fru zamanda ve sinerjik<span class=\"excerpt-hellip\"> [\u2026]<\/span><\/p>\n","protected":false},"featured_media":674,"comment_status":"open","ping_status":"closed","template":"","meta":[],"product_brand":[],"product_cat":[108],"product_tag":[101,72,84],"class_list":{"0":"post-630","1":"product","2":"type-product","3":"status-publish","4":"has-post-thumbnail","6":"product_cat-mineraller","7":"product_tag-magnezyum","8":"product_tag-vitamin-b12","9":"product_tag-vitamin-b6","11":"first","12":"instock","13":"sale","14":"shipping-taxable","15":"purchasable","16":"product-type-simple"},"yoast_head":"<!-- This site is optimized with the Yoast SEO plugin v26.9 - https:\/\/yoast.com\/product\/yoast-seo-wordpress\/ -->\n<title>Nouplus Magnemix Tablet - NouPLus<\/title>\n<meta name=\"robots\" content=\"noindex, follow, max-snippet:-1, max-image-preview:large, max-video-preview:-1\" \/>\n<meta property=\"og:locale\" content=\"tr_TR\" \/>\n<meta property=\"og:type\" content=\"article\" \/>\n<meta property=\"og:title\" content=\"Nouplus Magnemix Tablet - NouPLus\" \/>\n<meta property=\"og:description\" content=\"Magnezyumun Hangi Formunu Kullanmal\u0131y\u0131m? Ne zaman kullanmal\u0131y\u0131m? Gibi sorulara cevap niteli\u011finde ve magnezyum kullan\u0131m\u0131na inovatif bir yakla\u015f\u0131m getiren Nouplus Magnemix magnezyumun do\u011fru formunun,do\u011fru zamanda ve sinerjik [\u2026]\" \/>\n<meta property=\"og:url\" content=\"https:\/\/nouplus.fact.com.tr\/?product=nouplus-magnemix-tablet\" \/>\n<meta property=\"og:site_name\" content=\"NouPLus\" \/>\n<meta property=\"article:modified_time\" content=\"2026-02-11T06:35:52+00:00\" \/>\n<meta property=\"og:image\" content=\"https:\/\/nouplus.fact.com.tr\/wp-content\/uploads\/2026\/02\/magnemix-01-1.webp\" \/>\n\t<meta property=\"og:image:width\" content=\"1024\" \/>\n\t<meta property=\"og:image:height\" content=\"1024\" \/>\n\t<meta property=\"og:image:type\" content=\"image\/webp\" \/>\n<meta name=\"twitter:card\" content=\"summary_large_image\" \/>\n<script type=\"application\/ld+json\" class=\"yoast-schema-graph\">{\"@context\":\"https:\/\/schema.org\",\"@graph\":[{\"@type\":\"WebPage\",\"@id\":\"https:\/\/nouplus.fact.com.tr\/?product=nouplus-magnemix-tablet\",\"url\":\"https:\/\/nouplus.fact.com.tr\/?product=nouplus-magnemix-tablet\",\"name\":\"Nouplus Magnemix Tablet - NouPLus\",\"isPartOf\":{\"@id\":\"https:\/\/nouplus.fact.com.tr\/#website\"},\"primaryImageOfPage\":{\"@id\":\"https:\/\/nouplus.fact.com.tr\/?product=nouplus-magnemix-tablet#primaryimage\"},\"image\":{\"@id\":\"https:\/\/nouplus.fact.com.tr\/?product=nouplus-magnemix-tablet#primaryimage\"},\"thumbnailUrl\":\"https:\/\/nouplus.fact.com.tr\/wp-content\/uploads\/2026\/02\/magnemix-01-1.webp\",\"datePublished\":\"2026-02-11T06:27:24+00:00\",\"dateModified\":\"2026-02-11T06:35:52+00:00\",\"breadcrumb\":{\"@id\":\"https:\/\/nouplus.fact.com.tr\/?product=nouplus-magnemix-tablet#breadcrumb\"},\"inLanguage\":\"tr\",\"potentialAction\":[{\"@type\":\"ReadAction\",\"target\":[\"https:\/\/nouplus.fact.com.tr\/?product=nouplus-magnemix-tablet\"]}]},{\"@type\":\"ImageObject\",\"inLanguage\":\"tr\",\"@id\":\"https:\/\/nouplus.fact.com.tr\/?product=nouplus-magnemix-tablet#primaryimage\",\"url\":\"https:\/\/nouplus.fact.com.tr\/wp-content\/uploads\/2026\/02\/magnemix-01-1.webp\",\"contentUrl\":\"https:\/\/nouplus.fact.com.tr\/wp-content\/uploads\/2026\/02\/magnemix-01-1.webp\",\"width\":1024,\"height\":1024},{\"@type\":\"BreadcrumbList\",\"@id\":\"https:\/\/nouplus.fact.com.tr\/?product=nouplus-magnemix-tablet#breadcrumb\",\"itemListElement\":[{\"@type\":\"ListItem\",\"position\":1,\"name\":\"Anasayfa\",\"item\":\"https:\/\/nouplus.fact.com.tr\/\"},{\"@type\":\"ListItem\",\"position\":2,\"name\":\"\u00dcr\u00fcnler\",\"item\":\"https:\/\/nouplus.fact.com.tr\/?page_id=8\"},{\"@type\":\"ListItem\",\"position\":3,\"name\":\"Nouplus Magnemix Tablet\"}]},{\"@type\":\"WebSite\",\"@id\":\"https:\/\/nouplus.fact.com.tr\/#website\",\"url\":\"https:\/\/nouplus.fact.com.tr\/\",\"name\":\"NouPLus\",\"description\":\"\",\"publisher\":{\"@id\":\"https:\/\/nouplus.fact.com.tr\/#organization\"},\"potentialAction\":[{\"@type\":\"SearchAction\",\"target\":{\"@type\":\"EntryPoint\",\"urlTemplate\":\"https:\/\/nouplus.fact.com.tr\/?s={search_term_string}\"},\"query-input\":{\"@type\":\"PropertyValueSpecification\",\"valueRequired\":true,\"valueName\":\"search_term_string\"}}],\"inLanguage\":\"tr\"},{\"@type\":\"Organization\",\"@id\":\"https:\/\/nouplus.fact.com.tr\/#organization\",\"name\":\"NouPLus\",\"url\":\"https:\/\/nouplus.fact.com.tr\/\",\"logo\":{\"@type\":\"ImageObject\",\"inLanguage\":\"tr\",\"@id\":\"https:\/\/nouplus.fact.com.tr\/#\/schema\/logo\/image\/\",\"url\":\"https:\/\/nouplus.fact.com.tr\/wp-content\/uploads\/2026\/02\/NouPlus_Logo-RGB.png\",\"contentUrl\":\"https:\/\/nouplus.fact.com.tr\/wp-content\/uploads\/2026\/02\/NouPlus_Logo-RGB.png\",\"width\":900,\"height\":436,\"caption\":\"NouPLus\"},\"image\":{\"@id\":\"https:\/\/nouplus.fact.com.tr\/#\/schema\/logo\/image\/\"}}]}<\/script>\n<!-- \/ Yoast SEO plugin. -->","yoast_head_json":{"title":"Nouplus Magnemix Tablet - NouPLus","robots":{"index":"noindex","follow":"follow","max-snippet":"max-snippet:-1","max-image-preview":"max-image-preview:large","max-video-preview":"max-video-preview:-1"},"og_locale":"tr_TR","og_type":"article","og_title":"Nouplus Magnemix Tablet - NouPLus","og_description":"Magnezyumun Hangi Formunu Kullanmal\u0131y\u0131m? Ne zaman kullanmal\u0131y\u0131m? Gibi sorulara cevap niteli\u011finde ve magnezyum kullan\u0131m\u0131na inovatif bir yakla\u015f\u0131m getiren Nouplus Magnemix magnezyumun do\u011fru formunun,do\u011fru zamanda ve sinerjik [\u2026]","og_url":"https:\/\/nouplus.fact.com.tr\/?product=nouplus-magnemix-tablet","og_site_name":"NouPLus","article_modified_time":"2026-02-11T06:35:52+00:00","og_image":[{"width":1024,"height":1024,"url":"https:\/\/nouplus.fact.com.tr\/wp-content\/uploads\/2026\/02\/magnemix-01-1.webp","type":"image\/webp"}],"twitter_card":"summary_large_image","schema":{"@context":"https:\/\/schema.org","@graph":[{"@type":"WebPage","@id":"https:\/\/nouplus.fact.com.tr\/?product=nouplus-magnemix-tablet","url":"https:\/\/nouplus.fact.com.tr\/?product=nouplus-magnemix-tablet","name":"Nouplus Magnemix Tablet - NouPLus","isPartOf":{"@id":"https:\/\/nouplus.fact.com.tr\/#website"},"primaryImageOfPage":{"@id":"https:\/\/nouplus.fact.com.tr\/?product=nouplus-magnemix-tablet#primaryimage"},"image":{"@id":"https:\/\/nouplus.fact.com.tr\/?product=nouplus-magnemix-tablet#primaryimage"},"thumbnailUrl":"https:\/\/nouplus.fact.com.tr\/wp-content\/uploads\/2026\/02\/magnemix-01-1.webp","datePublished":"2026-02-11T06:27:24+00:00","dateModified":"2026-02-11T06:35:52+00:00","breadcrumb":{"@id":"https:\/\/nouplus.fact.com.tr\/?product=nouplus-magnemix-tablet#breadcrumb"},"inLanguage":"tr","potentialAction":[{"@type":"ReadAction","target":["https:\/\/nouplus.fact.com.tr\/?product=nouplus-magnemix-tablet"]}]},{"@type":"ImageObject","inLanguage":"tr","@id":"https:\/\/nouplus.fact.com.tr\/?product=nouplus-magnemix-tablet#primaryimage","url":"https:\/\/nouplus.fact.com.tr\/wp-content\/uploads\/2026\/02\/magnemix-01-1.webp","contentUrl":"https:\/\/nouplus.fact.com.tr\/wp-content\/uploads\/2026\/02\/magnemix-01-1.webp","width":1024,"height":1024},{"@type":"BreadcrumbList","@id":"https:\/\/nouplus.fact.com.tr\/?product=nouplus-magnemix-tablet#breadcrumb","itemListElement":[{"@type":"ListItem","position":1,"name":"Anasayfa","item":"https:\/\/nouplus.fact.com.tr\/"},{"@type":"ListItem","position":2,"name":"\u00dcr\u00fcnler","item":"https:\/\/nouplus.fact.com.tr\/?page_id=8"},{"@type":"ListItem","position":3,"name":"Nouplus Magnemix Tablet"}]},{"@type":"WebSite","@id":"https:\/\/nouplus.fact.com.tr\/#website","url":"https:\/\/nouplus.fact.com.tr\/","name":"NouPLus","description":"","publisher":{"@id":"https:\/\/nouplus.fact.com.tr\/#organization"},"potentialAction":[{"@type":"SearchAction","target":{"@type":"EntryPoint","urlTemplate":"https:\/\/nouplus.fact.com.tr\/?s={search_term_string}"},"query-input":{"@type":"PropertyValueSpecification","valueRequired":true,"valueName":"search_term_string"}}],"inLanguage":"tr"},{"@type":"Organization","@id":"https:\/\/nouplus.fact.com.tr\/#organization","name":"NouPLus","url":"https:\/\/nouplus.fact.com.tr\/","logo":{"@type":"ImageObject","inLanguage":"tr","@id":"https:\/\/nouplus.fact.com.tr\/#\/schema\/logo\/image\/","url":"https:\/\/nouplus.fact.com.tr\/wp-content\/uploads\/2026\/02\/NouPlus_Logo-RGB.png","contentUrl":"https:\/\/nouplus.fact.com.tr\/wp-content\/uploads\/2026\/02\/NouPlus_Logo-RGB.png","width":900,"height":436,"caption":"NouPLus"},"image":{"@id":"https:\/\/nouplus.fact.com.tr\/#\/schema\/logo\/image\/"}}]}},"_links":{"self":[{"href":"https:\/\/nouplus.fact.com.tr\/index.php?rest_route=\/wp\/v2\/product\/630","targetHints":{"allow":["GET"]}}],"collection":[{"href":"https:\/\/nouplus.fact.com.tr\/index.php?rest_route=\/wp\/v2\/product"}],"about":[{"href":"https:\/\/nouplus.fact.com.tr\/index.php?rest_route=\/wp\/v2\/types\/product"}],"replies":[{"embeddable":true,"href":"https:\/\/nouplus.fact.com.tr\/index.php?rest_route=%2Fwp%2Fv2%2Fcomments&post=630"}],"wp:featuredmedia":[{"embeddable":true,"href":"https:\/\/nouplus.fact.com.tr\/index.php?rest_route=\/wp\/v2\/media\/674"}],"wp:attachment":[{"href":"https:\/\/nouplus.fact.com.tr\/index.php?rest_route=%2Fwp%2Fv2%2Fmedia&parent=630"}],"wp:term":[{"taxonomy":"product_brand","embeddable":true,"href":"https:\/\/nouplus.fact.com.tr\/index.php?rest_route=%2Fwp%2Fv2%2Fproduct_brand&post=630"},{"taxonomy":"product_cat","embeddable":true,"href":"https:\/\/nouplus.fact.com.tr\/index.php?rest_route=%2Fwp%2Fv2%2Fproduct_cat&post=630"},{"taxonomy":"product_tag","embeddable":true,"href":"https:\/\/nouplus.fact.com.tr\/index.php?rest_route=%2Fwp%2Fv2%2Fproduct_tag&post=630"}],"curies":[{"name":"wp","href":"https:\/\/api.w.org\/{rel}","templated":true}]}}