{"id":622,"date":"2026-02-11T09:27:23","date_gmt":"2026-02-11T06:27:23","guid":{"rendered":"https:\/\/nouplus.fact.com.tr\/?post_type=product&#038;p=622"},"modified":"2026-02-11T09:35:52","modified_gmt":"2026-02-11T06:35:52","slug":"nouplus-alpha-propolis-sprey","status":"publish","type":"product","link":"https:\/\/nouplus.fact.com.tr\/?product=nouplus-alpha-propolis-sprey","title":{"rendered":"Nouplus Alpha Propolis Sprey"},"content":{"rendered":"<p>Alpha Propolis, patentli \u00fcretim teknolojisi M.E.D.\u00ae ile ekstrakte edilmi\u015f B Natural markal\u0131, \u0130talya men\u015feili propolis i\u00e7eri\u011fi sunar. Standardize ve y\u00fcksek oranda safla\u015ft\u0131r\u0131lm\u0131\u015f, kimli\u011fi tan\u0131mlanm\u0131\u015f polifenoller i\u00e7erir. Zerde\u00e7al ve nar kabu\u011fu ekstreleri ile zenginle\u015ftirilmi\u015f i\u00e7eri\u011fe sahiptir. Sprey formu ile kolay kullan\u0131m avantaj\u0131 sa\u011flar. Mentol aromas\u0131 sayesinde nefes yolunu rahatlat\u0131r ve solunum yolu enfeksiyonlar\u0131n\u0131n iyile\u015fmesine destek olur. \u015eeker i\u00e7ermez. Bal ile tatland\u0131r\u0131lm\u0131\u015ft\u0131r.<strong><br \/>\n<\/strong><\/p>\n","protected":false},"excerpt":{"rendered":"<p>Alpha Propolis, patentli \u00fcretim teknolojisi M.E.D.\u00ae ile ekstrakte edilmi\u015f B Natural markal\u0131, \u0130talya men\u015feili propolis i\u00e7eri\u011fi sunar. Standardize ve y\u00fcksek oranda safla\u015ft\u0131r\u0131lm\u0131\u015f, kimli\u011fi tan\u0131mlanm\u0131\u015f polifenoller i\u00e7erir.<span class=\"excerpt-hellip\"> [\u2026]<\/span><\/p>\n","protected":false},"featured_media":658,"comment_status":"open","ping_status":"closed","template":"","meta":[],"product_brand":[],"product_cat":[63],"product_tag":[88,89,90],"class_list":{"0":"post-622","1":"product","2":"type-product","3":"status-publish","4":"has-post-thumbnail","6":"product_cat-ozel-takviyeler","7":"product_tag-nar-meyve-kabugu-ekstresi","8":"product_tag-propolis","9":"product_tag-zerdecal-ekstresi","11":"first","12":"instock","13":"sale","14":"shipping-taxable","15":"purchasable","16":"product-type-simple"},"yoast_head":"<!-- This site is optimized with the Yoast SEO plugin v26.9 - https:\/\/yoast.com\/product\/yoast-seo-wordpress\/ -->\n<title>Nouplus Alpha Propolis Sprey - NouPLus<\/title>\n<meta name=\"robots\" content=\"noindex, follow, max-snippet:-1, max-image-preview:large, max-video-preview:-1\" \/>\n<meta property=\"og:locale\" content=\"tr_TR\" \/>\n<meta property=\"og:type\" content=\"article\" \/>\n<meta property=\"og:title\" content=\"Nouplus Alpha Propolis Sprey - NouPLus\" \/>\n<meta property=\"og:description\" content=\"Alpha Propolis, patentli \u00fcretim teknolojisi M.E.D.\u00ae ile ekstrakte edilmi\u015f B Natural markal\u0131, \u0130talya men\u015feili propolis i\u00e7eri\u011fi sunar. Standardize ve y\u00fcksek oranda safla\u015ft\u0131r\u0131lm\u0131\u015f, kimli\u011fi tan\u0131mlanm\u0131\u015f polifenoller i\u00e7erir. [\u2026]\" \/>\n<meta property=\"og:url\" content=\"https:\/\/nouplus.fact.com.tr\/?product=nouplus-alpha-propolis-sprey\" \/>\n<meta property=\"og:site_name\" content=\"NouPLus\" \/>\n<meta property=\"article:modified_time\" content=\"2026-02-11T06:35:52+00:00\" \/>\n<meta property=\"og:image\" content=\"https:\/\/nouplus.fact.com.tr\/wp-content\/uploads\/2026\/02\/PROPOLIS-2-1.png\" \/>\n\t<meta property=\"og:image:width\" content=\"1024\" \/>\n\t<meta property=\"og:image:height\" content=\"1024\" \/>\n\t<meta property=\"og:image:type\" content=\"image\/png\" \/>\n<meta name=\"twitter:card\" content=\"summary_large_image\" \/>\n<script type=\"application\/ld+json\" class=\"yoast-schema-graph\">{\"@context\":\"https:\/\/schema.org\",\"@graph\":[{\"@type\":\"WebPage\",\"@id\":\"https:\/\/nouplus.fact.com.tr\/?product=nouplus-alpha-propolis-sprey\",\"url\":\"https:\/\/nouplus.fact.com.tr\/?product=nouplus-alpha-propolis-sprey\",\"name\":\"Nouplus Alpha Propolis Sprey - NouPLus\",\"isPartOf\":{\"@id\":\"https:\/\/nouplus.fact.com.tr\/#website\"},\"primaryImageOfPage\":{\"@id\":\"https:\/\/nouplus.fact.com.tr\/?product=nouplus-alpha-propolis-sprey#primaryimage\"},\"image\":{\"@id\":\"https:\/\/nouplus.fact.com.tr\/?product=nouplus-alpha-propolis-sprey#primaryimage\"},\"thumbnailUrl\":\"https:\/\/nouplus.fact.com.tr\/wp-content\/uploads\/2026\/02\/PROPOLIS-2-1.png\",\"datePublished\":\"2026-02-11T06:27:23+00:00\",\"dateModified\":\"2026-02-11T06:35:52+00:00\",\"breadcrumb\":{\"@id\":\"https:\/\/nouplus.fact.com.tr\/?product=nouplus-alpha-propolis-sprey#breadcrumb\"},\"inLanguage\":\"tr\",\"potentialAction\":[{\"@type\":\"ReadAction\",\"target\":[\"https:\/\/nouplus.fact.com.tr\/?product=nouplus-alpha-propolis-sprey\"]}]},{\"@type\":\"ImageObject\",\"inLanguage\":\"tr\",\"@id\":\"https:\/\/nouplus.fact.com.tr\/?product=nouplus-alpha-propolis-sprey#primaryimage\",\"url\":\"https:\/\/nouplus.fact.com.tr\/wp-content\/uploads\/2026\/02\/PROPOLIS-2-1.png\",\"contentUrl\":\"https:\/\/nouplus.fact.com.tr\/wp-content\/uploads\/2026\/02\/PROPOLIS-2-1.png\",\"width\":1024,\"height\":1024},{\"@type\":\"BreadcrumbList\",\"@id\":\"https:\/\/nouplus.fact.com.tr\/?product=nouplus-alpha-propolis-sprey#breadcrumb\",\"itemListElement\":[{\"@type\":\"ListItem\",\"position\":1,\"name\":\"Anasayfa\",\"item\":\"https:\/\/nouplus.fact.com.tr\/\"},{\"@type\":\"ListItem\",\"position\":2,\"name\":\"\u00dcr\u00fcnler\",\"item\":\"https:\/\/nouplus.fact.com.tr\/?page_id=8\"},{\"@type\":\"ListItem\",\"position\":3,\"name\":\"Nouplus Alpha Propolis Sprey\"}]},{\"@type\":\"WebSite\",\"@id\":\"https:\/\/nouplus.fact.com.tr\/#website\",\"url\":\"https:\/\/nouplus.fact.com.tr\/\",\"name\":\"NouPLus\",\"description\":\"\",\"publisher\":{\"@id\":\"https:\/\/nouplus.fact.com.tr\/#organization\"},\"potentialAction\":[{\"@type\":\"SearchAction\",\"target\":{\"@type\":\"EntryPoint\",\"urlTemplate\":\"https:\/\/nouplus.fact.com.tr\/?s={search_term_string}\"},\"query-input\":{\"@type\":\"PropertyValueSpecification\",\"valueRequired\":true,\"valueName\":\"search_term_string\"}}],\"inLanguage\":\"tr\"},{\"@type\":\"Organization\",\"@id\":\"https:\/\/nouplus.fact.com.tr\/#organization\",\"name\":\"NouPLus\",\"url\":\"https:\/\/nouplus.fact.com.tr\/\",\"logo\":{\"@type\":\"ImageObject\",\"inLanguage\":\"tr\",\"@id\":\"https:\/\/nouplus.fact.com.tr\/#\/schema\/logo\/image\/\",\"url\":\"https:\/\/nouplus.fact.com.tr\/wp-content\/uploads\/2026\/02\/NouPlus_Logo-RGB.png\",\"contentUrl\":\"https:\/\/nouplus.fact.com.tr\/wp-content\/uploads\/2026\/02\/NouPlus_Logo-RGB.png\",\"width\":900,\"height\":436,\"caption\":\"NouPLus\"},\"image\":{\"@id\":\"https:\/\/nouplus.fact.com.tr\/#\/schema\/logo\/image\/\"}}]}<\/script>\n<!-- \/ Yoast SEO plugin. -->","yoast_head_json":{"title":"Nouplus Alpha Propolis Sprey - NouPLus","robots":{"index":"noindex","follow":"follow","max-snippet":"max-snippet:-1","max-image-preview":"max-image-preview:large","max-video-preview":"max-video-preview:-1"},"og_locale":"tr_TR","og_type":"article","og_title":"Nouplus Alpha Propolis Sprey - NouPLus","og_description":"Alpha Propolis, patentli \u00fcretim teknolojisi M.E.D.\u00ae ile ekstrakte edilmi\u015f B Natural markal\u0131, \u0130talya men\u015feili propolis i\u00e7eri\u011fi sunar. Standardize ve y\u00fcksek oranda safla\u015ft\u0131r\u0131lm\u0131\u015f, kimli\u011fi tan\u0131mlanm\u0131\u015f polifenoller i\u00e7erir. [\u2026]","og_url":"https:\/\/nouplus.fact.com.tr\/?product=nouplus-alpha-propolis-sprey","og_site_name":"NouPLus","article_modified_time":"2026-02-11T06:35:52+00:00","og_image":[{"width":1024,"height":1024,"url":"https:\/\/nouplus.fact.com.tr\/wp-content\/uploads\/2026\/02\/PROPOLIS-2-1.png","type":"image\/png"}],"twitter_card":"summary_large_image","schema":{"@context":"https:\/\/schema.org","@graph":[{"@type":"WebPage","@id":"https:\/\/nouplus.fact.com.tr\/?product=nouplus-alpha-propolis-sprey","url":"https:\/\/nouplus.fact.com.tr\/?product=nouplus-alpha-propolis-sprey","name":"Nouplus Alpha Propolis Sprey - NouPLus","isPartOf":{"@id":"https:\/\/nouplus.fact.com.tr\/#website"},"primaryImageOfPage":{"@id":"https:\/\/nouplus.fact.com.tr\/?product=nouplus-alpha-propolis-sprey#primaryimage"},"image":{"@id":"https:\/\/nouplus.fact.com.tr\/?product=nouplus-alpha-propolis-sprey#primaryimage"},"thumbnailUrl":"https:\/\/nouplus.fact.com.tr\/wp-content\/uploads\/2026\/02\/PROPOLIS-2-1.png","datePublished":"2026-02-11T06:27:23+00:00","dateModified":"2026-02-11T06:35:52+00:00","breadcrumb":{"@id":"https:\/\/nouplus.fact.com.tr\/?product=nouplus-alpha-propolis-sprey#breadcrumb"},"inLanguage":"tr","potentialAction":[{"@type":"ReadAction","target":["https:\/\/nouplus.fact.com.tr\/?product=nouplus-alpha-propolis-sprey"]}]},{"@type":"ImageObject","inLanguage":"tr","@id":"https:\/\/nouplus.fact.com.tr\/?product=nouplus-alpha-propolis-sprey#primaryimage","url":"https:\/\/nouplus.fact.com.tr\/wp-content\/uploads\/2026\/02\/PROPOLIS-2-1.png","contentUrl":"https:\/\/nouplus.fact.com.tr\/wp-content\/uploads\/2026\/02\/PROPOLIS-2-1.png","width":1024,"height":1024},{"@type":"BreadcrumbList","@id":"https:\/\/nouplus.fact.com.tr\/?product=nouplus-alpha-propolis-sprey#breadcrumb","itemListElement":[{"@type":"ListItem","position":1,"name":"Anasayfa","item":"https:\/\/nouplus.fact.com.tr\/"},{"@type":"ListItem","position":2,"name":"\u00dcr\u00fcnler","item":"https:\/\/nouplus.fact.com.tr\/?page_id=8"},{"@type":"ListItem","position":3,"name":"Nouplus Alpha Propolis Sprey"}]},{"@type":"WebSite","@id":"https:\/\/nouplus.fact.com.tr\/#website","url":"https:\/\/nouplus.fact.com.tr\/","name":"NouPLus","description":"","publisher":{"@id":"https:\/\/nouplus.fact.com.tr\/#organization"},"potentialAction":[{"@type":"SearchAction","target":{"@type":"EntryPoint","urlTemplate":"https:\/\/nouplus.fact.com.tr\/?s={search_term_string}"},"query-input":{"@type":"PropertyValueSpecification","valueRequired":true,"valueName":"search_term_string"}}],"inLanguage":"tr"},{"@type":"Organization","@id":"https:\/\/nouplus.fact.com.tr\/#organization","name":"NouPLus","url":"https:\/\/nouplus.fact.com.tr\/","logo":{"@type":"ImageObject","inLanguage":"tr","@id":"https:\/\/nouplus.fact.com.tr\/#\/schema\/logo\/image\/","url":"https:\/\/nouplus.fact.com.tr\/wp-content\/uploads\/2026\/02\/NouPlus_Logo-RGB.png","contentUrl":"https:\/\/nouplus.fact.com.tr\/wp-content\/uploads\/2026\/02\/NouPlus_Logo-RGB.png","width":900,"height":436,"caption":"NouPLus"},"image":{"@id":"https:\/\/nouplus.fact.com.tr\/#\/schema\/logo\/image\/"}}]}},"_links":{"self":[{"href":"https:\/\/nouplus.fact.com.tr\/index.php?rest_route=\/wp\/v2\/product\/622","targetHints":{"allow":["GET"]}}],"collection":[{"href":"https:\/\/nouplus.fact.com.tr\/index.php?rest_route=\/wp\/v2\/product"}],"about":[{"href":"https:\/\/nouplus.fact.com.tr\/index.php?rest_route=\/wp\/v2\/types\/product"}],"replies":[{"embeddable":true,"href":"https:\/\/nouplus.fact.com.tr\/index.php?rest_route=%2Fwp%2Fv2%2Fcomments&post=622"}],"wp:featuredmedia":[{"embeddable":true,"href":"https:\/\/nouplus.fact.com.tr\/index.php?rest_route=\/wp\/v2\/media\/658"}],"wp:attachment":[{"href":"https:\/\/nouplus.fact.com.tr\/index.php?rest_route=%2Fwp%2Fv2%2Fmedia&parent=622"}],"wp:term":[{"taxonomy":"product_brand","embeddable":true,"href":"https:\/\/nouplus.fact.com.tr\/index.php?rest_route=%2Fwp%2Fv2%2Fproduct_brand&post=622"},{"taxonomy":"product_cat","embeddable":true,"href":"https:\/\/nouplus.fact.com.tr\/index.php?rest_route=%2Fwp%2Fv2%2Fproduct_cat&post=622"},{"taxonomy":"product_tag","embeddable":true,"href":"https:\/\/nouplus.fact.com.tr\/index.php?rest_route=%2Fwp%2Fv2%2Fproduct_tag&post=622"}],"curies":[{"name":"wp","href":"https:\/\/api.w.org\/{rel}","templated":true}]}}