{"id":620,"date":"2026-02-11T09:27:23","date_gmt":"2026-02-11T06:27:23","guid":{"rendered":"https:\/\/nouplus.fact.com.tr\/?post_type=product&#038;p=620"},"modified":"2026-02-11T09:35:52","modified_gmt":"2026-02-11T06:35:52","slug":"nouplus-advanced-methyl-b12-dilalti-tablet","status":"publish","type":"product","link":"https:\/\/nouplus.fact.com.tr\/?product=nouplus-advanced-methyl-b12-dilalti-tablet","title":{"rendered":"Nouplus Advanced Methyl B<sub>12<\/sub> Dilalt\u0131 Tablet"},"content":{"rendered":"<p>Form\u00fcl\u00fcnde y\u00fcksek biyoyararlan\u0131ma sahip aktif B12 formu olan metilkobalamin, ve B6 vitaminleri, biotin, folat i\u00e7eren dilalt\u0131 formunda g\u0131da takviyesidir. Mecobalactive\u00ae, Ferrer firmas\u0131na ait aktif B12 vitamini kayna\u011f\u0131 iken, Quetrofolic\u00ae Gnosis firmas\u0131na ait, v\u00fccut taraf\u0131ndan daha iyi kullan\u0131lan 5-MTHF formunda saf bir folat kayna\u011f\u0131d\u0131r. \u00c7ilek aromas\u0131 sayesinde kolay kullan\u0131m olana\u011f\u0131 sa\u011flamaktad\u0131r. \u015eeker i\u00e7ermez.<\/p>\n","protected":false},"excerpt":{"rendered":"<p>Form\u00fcl\u00fcnde y\u00fcksek biyoyararlan\u0131ma sahip aktif B12 formu olan metilkobalamin, ve B6 vitaminleri, biotin, folat i\u00e7eren dilalt\u0131 formunda g\u0131da takviyesidir. Mecobalactive\u00ae, Ferrer firmas\u0131na ait aktif B12 vitamini<span class=\"excerpt-hellip\"> [\u2026]<\/span><\/p>\n","protected":false},"featured_media":654,"comment_status":"open","ping_status":"closed","template":"","meta":[],"product_brand":[],"product_cat":[82],"product_tag":[83,66,72,84],"class_list":{"0":"post-620","1":"product","2":"type-product","3":"status-publish","4":"has-post-thumbnail","6":"product_cat-b-vitaminleri","7":"product_tag-biotin","8":"product_tag-folik-asit","9":"product_tag-vitamin-b12","10":"product_tag-vitamin-b6","12":"first","13":"instock","14":"sale","15":"shipping-taxable","16":"purchasable","17":"product-type-simple"},"yoast_head":"<!-- This site is optimized with the Yoast SEO plugin v26.9 - https:\/\/yoast.com\/product\/yoast-seo-wordpress\/ -->\n<title>Nouplus Advanced Methyl B12 Dilalt\u0131 Tablet - NouPLus<\/title>\n<meta name=\"robots\" content=\"noindex, follow, max-snippet:-1, max-image-preview:large, max-video-preview:-1\" \/>\n<meta property=\"og:locale\" content=\"tr_TR\" \/>\n<meta property=\"og:type\" content=\"article\" \/>\n<meta property=\"og:title\" content=\"Nouplus Advanced Methyl B12 Dilalt\u0131 Tablet - NouPLus\" \/>\n<meta property=\"og:description\" content=\"Form\u00fcl\u00fcnde y\u00fcksek biyoyararlan\u0131ma sahip aktif B12 formu olan metilkobalamin, ve B6 vitaminleri, biotin, folat i\u00e7eren dilalt\u0131 formunda g\u0131da takviyesidir. Mecobalactive\u00ae, Ferrer firmas\u0131na ait aktif B12 vitamini [\u2026]\" \/>\n<meta property=\"og:url\" content=\"https:\/\/nouplus.fact.com.tr\/?product=nouplus-advanced-methyl-b12-dilalti-tablet\" \/>\n<meta property=\"og:site_name\" content=\"NouPLus\" \/>\n<meta property=\"article:modified_time\" content=\"2026-02-11T06:35:52+00:00\" \/>\n<meta property=\"og:image\" content=\"https:\/\/nouplus.fact.com.tr\/wp-content\/uploads\/2026\/02\/b12-1-1.png\" \/>\n\t<meta property=\"og:image:width\" content=\"1200\" \/>\n\t<meta property=\"og:image:height\" content=\"1200\" \/>\n\t<meta property=\"og:image:type\" content=\"image\/png\" \/>\n<meta name=\"twitter:card\" content=\"summary_large_image\" \/>\n<script type=\"application\/ld+json\" class=\"yoast-schema-graph\">{\"@context\":\"https:\/\/schema.org\",\"@graph\":[{\"@type\":\"WebPage\",\"@id\":\"https:\/\/nouplus.fact.com.tr\/?product=nouplus-advanced-methyl-b12-dilalti-tablet\",\"url\":\"https:\/\/nouplus.fact.com.tr\/?product=nouplus-advanced-methyl-b12-dilalti-tablet\",\"name\":\"Nouplus Advanced Methyl B12 Dilalt\u0131 Tablet - NouPLus\",\"isPartOf\":{\"@id\":\"https:\/\/nouplus.fact.com.tr\/#website\"},\"primaryImageOfPage\":{\"@id\":\"https:\/\/nouplus.fact.com.tr\/?product=nouplus-advanced-methyl-b12-dilalti-tablet#primaryimage\"},\"image\":{\"@id\":\"https:\/\/nouplus.fact.com.tr\/?product=nouplus-advanced-methyl-b12-dilalti-tablet#primaryimage\"},\"thumbnailUrl\":\"https:\/\/nouplus.fact.com.tr\/wp-content\/uploads\/2026\/02\/b12-1-1.png\",\"datePublished\":\"2026-02-11T06:27:23+00:00\",\"dateModified\":\"2026-02-11T06:35:52+00:00\",\"breadcrumb\":{\"@id\":\"https:\/\/nouplus.fact.com.tr\/?product=nouplus-advanced-methyl-b12-dilalti-tablet#breadcrumb\"},\"inLanguage\":\"tr\",\"potentialAction\":[{\"@type\":\"ReadAction\",\"target\":[\"https:\/\/nouplus.fact.com.tr\/?product=nouplus-advanced-methyl-b12-dilalti-tablet\"]}]},{\"@type\":\"ImageObject\",\"inLanguage\":\"tr\",\"@id\":\"https:\/\/nouplus.fact.com.tr\/?product=nouplus-advanced-methyl-b12-dilalti-tablet#primaryimage\",\"url\":\"https:\/\/nouplus.fact.com.tr\/wp-content\/uploads\/2026\/02\/b12-1-1.png\",\"contentUrl\":\"https:\/\/nouplus.fact.com.tr\/wp-content\/uploads\/2026\/02\/b12-1-1.png\",\"width\":1200,\"height\":1200},{\"@type\":\"BreadcrumbList\",\"@id\":\"https:\/\/nouplus.fact.com.tr\/?product=nouplus-advanced-methyl-b12-dilalti-tablet#breadcrumb\",\"itemListElement\":[{\"@type\":\"ListItem\",\"position\":1,\"name\":\"Anasayfa\",\"item\":\"https:\/\/nouplus.fact.com.tr\/\"},{\"@type\":\"ListItem\",\"position\":2,\"name\":\"\u00dcr\u00fcnler\",\"item\":\"https:\/\/nouplus.fact.com.tr\/?page_id=8\"},{\"@type\":\"ListItem\",\"position\":3,\"name\":\"Nouplus Advanced Methyl B12 Dilalt\u0131 Tablet\"}]},{\"@type\":\"WebSite\",\"@id\":\"https:\/\/nouplus.fact.com.tr\/#website\",\"url\":\"https:\/\/nouplus.fact.com.tr\/\",\"name\":\"NouPLus\",\"description\":\"\",\"publisher\":{\"@id\":\"https:\/\/nouplus.fact.com.tr\/#organization\"},\"potentialAction\":[{\"@type\":\"SearchAction\",\"target\":{\"@type\":\"EntryPoint\",\"urlTemplate\":\"https:\/\/nouplus.fact.com.tr\/?s={search_term_string}\"},\"query-input\":{\"@type\":\"PropertyValueSpecification\",\"valueRequired\":true,\"valueName\":\"search_term_string\"}}],\"inLanguage\":\"tr\"},{\"@type\":\"Organization\",\"@id\":\"https:\/\/nouplus.fact.com.tr\/#organization\",\"name\":\"NouPLus\",\"url\":\"https:\/\/nouplus.fact.com.tr\/\",\"logo\":{\"@type\":\"ImageObject\",\"inLanguage\":\"tr\",\"@id\":\"https:\/\/nouplus.fact.com.tr\/#\/schema\/logo\/image\/\",\"url\":\"https:\/\/nouplus.fact.com.tr\/wp-content\/uploads\/2026\/02\/NouPlus_Logo-RGB.png\",\"contentUrl\":\"https:\/\/nouplus.fact.com.tr\/wp-content\/uploads\/2026\/02\/NouPlus_Logo-RGB.png\",\"width\":900,\"height\":436,\"caption\":\"NouPLus\"},\"image\":{\"@id\":\"https:\/\/nouplus.fact.com.tr\/#\/schema\/logo\/image\/\"}}]}<\/script>\n<!-- \/ Yoast SEO plugin. -->","yoast_head_json":{"title":"Nouplus Advanced Methyl B12 Dilalt\u0131 Tablet - NouPLus","robots":{"index":"noindex","follow":"follow","max-snippet":"max-snippet:-1","max-image-preview":"max-image-preview:large","max-video-preview":"max-video-preview:-1"},"og_locale":"tr_TR","og_type":"article","og_title":"Nouplus Advanced Methyl B12 Dilalt\u0131 Tablet - NouPLus","og_description":"Form\u00fcl\u00fcnde y\u00fcksek biyoyararlan\u0131ma sahip aktif B12 formu olan metilkobalamin, ve B6 vitaminleri, biotin, folat i\u00e7eren dilalt\u0131 formunda g\u0131da takviyesidir. Mecobalactive\u00ae, Ferrer firmas\u0131na ait aktif B12 vitamini [\u2026]","og_url":"https:\/\/nouplus.fact.com.tr\/?product=nouplus-advanced-methyl-b12-dilalti-tablet","og_site_name":"NouPLus","article_modified_time":"2026-02-11T06:35:52+00:00","og_image":[{"width":1200,"height":1200,"url":"https:\/\/nouplus.fact.com.tr\/wp-content\/uploads\/2026\/02\/b12-1-1.png","type":"image\/png"}],"twitter_card":"summary_large_image","schema":{"@context":"https:\/\/schema.org","@graph":[{"@type":"WebPage","@id":"https:\/\/nouplus.fact.com.tr\/?product=nouplus-advanced-methyl-b12-dilalti-tablet","url":"https:\/\/nouplus.fact.com.tr\/?product=nouplus-advanced-methyl-b12-dilalti-tablet","name":"Nouplus Advanced Methyl B12 Dilalt\u0131 Tablet - NouPLus","isPartOf":{"@id":"https:\/\/nouplus.fact.com.tr\/#website"},"primaryImageOfPage":{"@id":"https:\/\/nouplus.fact.com.tr\/?product=nouplus-advanced-methyl-b12-dilalti-tablet#primaryimage"},"image":{"@id":"https:\/\/nouplus.fact.com.tr\/?product=nouplus-advanced-methyl-b12-dilalti-tablet#primaryimage"},"thumbnailUrl":"https:\/\/nouplus.fact.com.tr\/wp-content\/uploads\/2026\/02\/b12-1-1.png","datePublished":"2026-02-11T06:27:23+00:00","dateModified":"2026-02-11T06:35:52+00:00","breadcrumb":{"@id":"https:\/\/nouplus.fact.com.tr\/?product=nouplus-advanced-methyl-b12-dilalti-tablet#breadcrumb"},"inLanguage":"tr","potentialAction":[{"@type":"ReadAction","target":["https:\/\/nouplus.fact.com.tr\/?product=nouplus-advanced-methyl-b12-dilalti-tablet"]}]},{"@type":"ImageObject","inLanguage":"tr","@id":"https:\/\/nouplus.fact.com.tr\/?product=nouplus-advanced-methyl-b12-dilalti-tablet#primaryimage","url":"https:\/\/nouplus.fact.com.tr\/wp-content\/uploads\/2026\/02\/b12-1-1.png","contentUrl":"https:\/\/nouplus.fact.com.tr\/wp-content\/uploads\/2026\/02\/b12-1-1.png","width":1200,"height":1200},{"@type":"BreadcrumbList","@id":"https:\/\/nouplus.fact.com.tr\/?product=nouplus-advanced-methyl-b12-dilalti-tablet#breadcrumb","itemListElement":[{"@type":"ListItem","position":1,"name":"Anasayfa","item":"https:\/\/nouplus.fact.com.tr\/"},{"@type":"ListItem","position":2,"name":"\u00dcr\u00fcnler","item":"https:\/\/nouplus.fact.com.tr\/?page_id=8"},{"@type":"ListItem","position":3,"name":"Nouplus Advanced Methyl B12 Dilalt\u0131 Tablet"}]},{"@type":"WebSite","@id":"https:\/\/nouplus.fact.com.tr\/#website","url":"https:\/\/nouplus.fact.com.tr\/","name":"NouPLus","description":"","publisher":{"@id":"https:\/\/nouplus.fact.com.tr\/#organization"},"potentialAction":[{"@type":"SearchAction","target":{"@type":"EntryPoint","urlTemplate":"https:\/\/nouplus.fact.com.tr\/?s={search_term_string}"},"query-input":{"@type":"PropertyValueSpecification","valueRequired":true,"valueName":"search_term_string"}}],"inLanguage":"tr"},{"@type":"Organization","@id":"https:\/\/nouplus.fact.com.tr\/#organization","name":"NouPLus","url":"https:\/\/nouplus.fact.com.tr\/","logo":{"@type":"ImageObject","inLanguage":"tr","@id":"https:\/\/nouplus.fact.com.tr\/#\/schema\/logo\/image\/","url":"https:\/\/nouplus.fact.com.tr\/wp-content\/uploads\/2026\/02\/NouPlus_Logo-RGB.png","contentUrl":"https:\/\/nouplus.fact.com.tr\/wp-content\/uploads\/2026\/02\/NouPlus_Logo-RGB.png","width":900,"height":436,"caption":"NouPLus"},"image":{"@id":"https:\/\/nouplus.fact.com.tr\/#\/schema\/logo\/image\/"}}]}},"_links":{"self":[{"href":"https:\/\/nouplus.fact.com.tr\/index.php?rest_route=\/wp\/v2\/product\/620","targetHints":{"allow":["GET"]}}],"collection":[{"href":"https:\/\/nouplus.fact.com.tr\/index.php?rest_route=\/wp\/v2\/product"}],"about":[{"href":"https:\/\/nouplus.fact.com.tr\/index.php?rest_route=\/wp\/v2\/types\/product"}],"replies":[{"embeddable":true,"href":"https:\/\/nouplus.fact.com.tr\/index.php?rest_route=%2Fwp%2Fv2%2Fcomments&post=620"}],"wp:featuredmedia":[{"embeddable":true,"href":"https:\/\/nouplus.fact.com.tr\/index.php?rest_route=\/wp\/v2\/media\/654"}],"wp:attachment":[{"href":"https:\/\/nouplus.fact.com.tr\/index.php?rest_route=%2Fwp%2Fv2%2Fmedia&parent=620"}],"wp:term":[{"taxonomy":"product_brand","embeddable":true,"href":"https:\/\/nouplus.fact.com.tr\/index.php?rest_route=%2Fwp%2Fv2%2Fproduct_brand&post=620"},{"taxonomy":"product_cat","embeddable":true,"href":"https:\/\/nouplus.fact.com.tr\/index.php?rest_route=%2Fwp%2Fv2%2Fproduct_cat&post=620"},{"taxonomy":"product_tag","embeddable":true,"href":"https:\/\/nouplus.fact.com.tr\/index.php?rest_route=%2Fwp%2Fv2%2Fproduct_tag&post=620"}],"curies":[{"name":"wp","href":"https:\/\/api.w.org\/{rel}","templated":true}]}}