{"id":618,"date":"2026-02-11T09:27:23","date_gmt":"2026-02-11T06:27:23","guid":{"rendered":"https:\/\/nouplus.fact.com.tr\/?post_type=product&#038;p=618"},"modified":"2026-02-11T09:35:52","modified_gmt":"2026-02-11T06:35:52","slug":"nouplus-cogniviva-fosfotidilserin-sitikolin-ginkgo-ekstresi-kapsul","status":"publish","type":"product","link":"https:\/\/nouplus.fact.com.tr\/?product=nouplus-cogniviva-fosfotidilserin-sitikolin-ginkgo-ekstresi-kapsul","title":{"rendered":"Nouplus Cogniviva Fosfotidilserin, Sitikolin, Ginkgo Ekstresi Kaps\u00fcl"},"content":{"rendered":"<p>Cogniviva, sitikolin, fosfotidilserin, Gingko Biloba, Alg ya\u011f\u0131 kaynakl\u0131 DHA, huperziya, vitamin ve mineraller i\u00e7eren g\u00fc\u00e7l\u00fc form\u00fcle sahip bir g\u0131da takviyesidir. Cogniviva kaps\u00fcller patentli Sharp PS markal\u0131 Fosfatidilserin, aktif B12 vitamini metilkobalamin ve aktif folik asit kayna\u011f\u0131 olarak kalsiyum-l-metilfolat i\u00e7ermektedir.<\/p>\n","protected":false},"excerpt":{"rendered":"<p>Cogniviva, sitikolin, fosfotidilserin, Gingko Biloba, Alg ya\u011f\u0131 kaynakl\u0131 DHA, huperziya, vitamin ve mineraller i\u00e7eren g\u00fc\u00e7l\u00fc form\u00fcle sahip bir g\u0131da takviyesidir. Cogniviva kaps\u00fcller patentli Sharp PS markal\u0131<span class=\"excerpt-hellip\"> [\u2026]<\/span><\/p>\n","protected":false},"featured_media":650,"comment_status":"open","ping_status":"closed","template":"","meta":[],"product_brand":[],"product_cat":[63],"product_tag":[64,57,65,66,67,68,69,70,71,72,73],"class_list":{"0":"post-618","1":"product","2":"type-product","3":"status-publish","4":"has-post-thumbnail","6":"product_cat-ozel-takviyeler","7":"product_tag-alg-yagi","8":"product_tag-cinko","9":"product_tag-dha","10":"product_tag-folik-asit","11":"product_tag-fosfotidilserin","12":"product_tag-ginkgo-ekstresi","13":"product_tag-huperziya-ekstresi","14":"product_tag-sitikolin","15":"product_tag-vitamin-b1","16":"product_tag-vitamin-b12","17":"product_tag-vitamin-b5","19":"first","20":"instock","21":"sale","22":"shipping-taxable","23":"purchasable","24":"product-type-simple"},"yoast_head":"<!-- This site is optimized with the Yoast SEO plugin v26.9 - https:\/\/yoast.com\/product\/yoast-seo-wordpress\/ -->\n<title>Nouplus Cogniviva Fosfotidilserin, Sitikolin, Ginkgo Ekstresi Kaps\u00fcl - NouPLus<\/title>\n<meta name=\"robots\" content=\"noindex, follow, max-snippet:-1, max-image-preview:large, max-video-preview:-1\" \/>\n<meta property=\"og:locale\" content=\"tr_TR\" \/>\n<meta property=\"og:type\" content=\"article\" \/>\n<meta property=\"og:title\" content=\"Nouplus Cogniviva Fosfotidilserin, Sitikolin, Ginkgo Ekstresi Kaps\u00fcl - NouPLus\" \/>\n<meta property=\"og:description\" content=\"Cogniviva, sitikolin, fosfotidilserin, Gingko Biloba, Alg ya\u011f\u0131 kaynakl\u0131 DHA, huperziya, vitamin ve mineraller i\u00e7eren g\u00fc\u00e7l\u00fc form\u00fcle sahip bir g\u0131da takviyesidir. Cogniviva kaps\u00fcller patentli Sharp PS markal\u0131 [\u2026]\" \/>\n<meta property=\"og:url\" content=\"https:\/\/nouplus.fact.com.tr\/?product=nouplus-cogniviva-fosfotidilserin-sitikolin-ginkgo-ekstresi-kapsul\" \/>\n<meta property=\"og:site_name\" content=\"NouPLus\" \/>\n<meta property=\"article:modified_time\" content=\"2026-02-11T06:35:52+00:00\" \/>\n<meta property=\"og:image\" content=\"https:\/\/nouplus.fact.com.tr\/wp-content\/uploads\/2026\/02\/Nouplus-Cogniviva-1.png\" \/>\n\t<meta property=\"og:image:width\" content=\"500\" \/>\n\t<meta property=\"og:image:height\" content=\"500\" \/>\n\t<meta property=\"og:image:type\" content=\"image\/png\" \/>\n<meta name=\"twitter:card\" content=\"summary_large_image\" \/>\n<script type=\"application\/ld+json\" class=\"yoast-schema-graph\">{\"@context\":\"https:\/\/schema.org\",\"@graph\":[{\"@type\":\"WebPage\",\"@id\":\"https:\/\/nouplus.fact.com.tr\/?product=nouplus-cogniviva-fosfotidilserin-sitikolin-ginkgo-ekstresi-kapsul\",\"url\":\"https:\/\/nouplus.fact.com.tr\/?product=nouplus-cogniviva-fosfotidilserin-sitikolin-ginkgo-ekstresi-kapsul\",\"name\":\"Nouplus Cogniviva Fosfotidilserin, Sitikolin, Ginkgo Ekstresi Kaps\u00fcl - NouPLus\",\"isPartOf\":{\"@id\":\"https:\/\/nouplus.fact.com.tr\/#website\"},\"primaryImageOfPage\":{\"@id\":\"https:\/\/nouplus.fact.com.tr\/?product=nouplus-cogniviva-fosfotidilserin-sitikolin-ginkgo-ekstresi-kapsul#primaryimage\"},\"image\":{\"@id\":\"https:\/\/nouplus.fact.com.tr\/?product=nouplus-cogniviva-fosfotidilserin-sitikolin-ginkgo-ekstresi-kapsul#primaryimage\"},\"thumbnailUrl\":\"https:\/\/nouplus.fact.com.tr\/wp-content\/uploads\/2026\/02\/Nouplus-Cogniviva-1.png\",\"datePublished\":\"2026-02-11T06:27:23+00:00\",\"dateModified\":\"2026-02-11T06:35:52+00:00\",\"breadcrumb\":{\"@id\":\"https:\/\/nouplus.fact.com.tr\/?product=nouplus-cogniviva-fosfotidilserin-sitikolin-ginkgo-ekstresi-kapsul#breadcrumb\"},\"inLanguage\":\"tr\",\"potentialAction\":[{\"@type\":\"ReadAction\",\"target\":[\"https:\/\/nouplus.fact.com.tr\/?product=nouplus-cogniviva-fosfotidilserin-sitikolin-ginkgo-ekstresi-kapsul\"]}]},{\"@type\":\"ImageObject\",\"inLanguage\":\"tr\",\"@id\":\"https:\/\/nouplus.fact.com.tr\/?product=nouplus-cogniviva-fosfotidilserin-sitikolin-ginkgo-ekstresi-kapsul#primaryimage\",\"url\":\"https:\/\/nouplus.fact.com.tr\/wp-content\/uploads\/2026\/02\/Nouplus-Cogniviva-1.png\",\"contentUrl\":\"https:\/\/nouplus.fact.com.tr\/wp-content\/uploads\/2026\/02\/Nouplus-Cogniviva-1.png\",\"width\":500,\"height\":500},{\"@type\":\"BreadcrumbList\",\"@id\":\"https:\/\/nouplus.fact.com.tr\/?product=nouplus-cogniviva-fosfotidilserin-sitikolin-ginkgo-ekstresi-kapsul#breadcrumb\",\"itemListElement\":[{\"@type\":\"ListItem\",\"position\":1,\"name\":\"Anasayfa\",\"item\":\"https:\/\/nouplus.fact.com.tr\/\"},{\"@type\":\"ListItem\",\"position\":2,\"name\":\"\u00dcr\u00fcnler\",\"item\":\"https:\/\/nouplus.fact.com.tr\/?page_id=8\"},{\"@type\":\"ListItem\",\"position\":3,\"name\":\"Nouplus Cogniviva Fosfotidilserin, Sitikolin, Ginkgo Ekstresi Kaps\u00fcl\"}]},{\"@type\":\"WebSite\",\"@id\":\"https:\/\/nouplus.fact.com.tr\/#website\",\"url\":\"https:\/\/nouplus.fact.com.tr\/\",\"name\":\"NouPLus\",\"description\":\"\",\"publisher\":{\"@id\":\"https:\/\/nouplus.fact.com.tr\/#organization\"},\"potentialAction\":[{\"@type\":\"SearchAction\",\"target\":{\"@type\":\"EntryPoint\",\"urlTemplate\":\"https:\/\/nouplus.fact.com.tr\/?s={search_term_string}\"},\"query-input\":{\"@type\":\"PropertyValueSpecification\",\"valueRequired\":true,\"valueName\":\"search_term_string\"}}],\"inLanguage\":\"tr\"},{\"@type\":\"Organization\",\"@id\":\"https:\/\/nouplus.fact.com.tr\/#organization\",\"name\":\"NouPLus\",\"url\":\"https:\/\/nouplus.fact.com.tr\/\",\"logo\":{\"@type\":\"ImageObject\",\"inLanguage\":\"tr\",\"@id\":\"https:\/\/nouplus.fact.com.tr\/#\/schema\/logo\/image\/\",\"url\":\"https:\/\/nouplus.fact.com.tr\/wp-content\/uploads\/2026\/02\/NouPlus_Logo-RGB.png\",\"contentUrl\":\"https:\/\/nouplus.fact.com.tr\/wp-content\/uploads\/2026\/02\/NouPlus_Logo-RGB.png\",\"width\":900,\"height\":436,\"caption\":\"NouPLus\"},\"image\":{\"@id\":\"https:\/\/nouplus.fact.com.tr\/#\/schema\/logo\/image\/\"}}]}<\/script>\n<!-- \/ Yoast SEO plugin. -->","yoast_head_json":{"title":"Nouplus Cogniviva Fosfotidilserin, Sitikolin, Ginkgo Ekstresi Kaps\u00fcl - NouPLus","robots":{"index":"noindex","follow":"follow","max-snippet":"max-snippet:-1","max-image-preview":"max-image-preview:large","max-video-preview":"max-video-preview:-1"},"og_locale":"tr_TR","og_type":"article","og_title":"Nouplus Cogniviva Fosfotidilserin, Sitikolin, Ginkgo Ekstresi Kaps\u00fcl - NouPLus","og_description":"Cogniviva, sitikolin, fosfotidilserin, Gingko Biloba, Alg ya\u011f\u0131 kaynakl\u0131 DHA, huperziya, vitamin ve mineraller i\u00e7eren g\u00fc\u00e7l\u00fc form\u00fcle sahip bir g\u0131da takviyesidir. Cogniviva kaps\u00fcller patentli Sharp PS markal\u0131 [\u2026]","og_url":"https:\/\/nouplus.fact.com.tr\/?product=nouplus-cogniviva-fosfotidilserin-sitikolin-ginkgo-ekstresi-kapsul","og_site_name":"NouPLus","article_modified_time":"2026-02-11T06:35:52+00:00","og_image":[{"width":500,"height":500,"url":"https:\/\/nouplus.fact.com.tr\/wp-content\/uploads\/2026\/02\/Nouplus-Cogniviva-1.png","type":"image\/png"}],"twitter_card":"summary_large_image","schema":{"@context":"https:\/\/schema.org","@graph":[{"@type":"WebPage","@id":"https:\/\/nouplus.fact.com.tr\/?product=nouplus-cogniviva-fosfotidilserin-sitikolin-ginkgo-ekstresi-kapsul","url":"https:\/\/nouplus.fact.com.tr\/?product=nouplus-cogniviva-fosfotidilserin-sitikolin-ginkgo-ekstresi-kapsul","name":"Nouplus Cogniviva Fosfotidilserin, Sitikolin, Ginkgo Ekstresi Kaps\u00fcl - NouPLus","isPartOf":{"@id":"https:\/\/nouplus.fact.com.tr\/#website"},"primaryImageOfPage":{"@id":"https:\/\/nouplus.fact.com.tr\/?product=nouplus-cogniviva-fosfotidilserin-sitikolin-ginkgo-ekstresi-kapsul#primaryimage"},"image":{"@id":"https:\/\/nouplus.fact.com.tr\/?product=nouplus-cogniviva-fosfotidilserin-sitikolin-ginkgo-ekstresi-kapsul#primaryimage"},"thumbnailUrl":"https:\/\/nouplus.fact.com.tr\/wp-content\/uploads\/2026\/02\/Nouplus-Cogniviva-1.png","datePublished":"2026-02-11T06:27:23+00:00","dateModified":"2026-02-11T06:35:52+00:00","breadcrumb":{"@id":"https:\/\/nouplus.fact.com.tr\/?product=nouplus-cogniviva-fosfotidilserin-sitikolin-ginkgo-ekstresi-kapsul#breadcrumb"},"inLanguage":"tr","potentialAction":[{"@type":"ReadAction","target":["https:\/\/nouplus.fact.com.tr\/?product=nouplus-cogniviva-fosfotidilserin-sitikolin-ginkgo-ekstresi-kapsul"]}]},{"@type":"ImageObject","inLanguage":"tr","@id":"https:\/\/nouplus.fact.com.tr\/?product=nouplus-cogniviva-fosfotidilserin-sitikolin-ginkgo-ekstresi-kapsul#primaryimage","url":"https:\/\/nouplus.fact.com.tr\/wp-content\/uploads\/2026\/02\/Nouplus-Cogniviva-1.png","contentUrl":"https:\/\/nouplus.fact.com.tr\/wp-content\/uploads\/2026\/02\/Nouplus-Cogniviva-1.png","width":500,"height":500},{"@type":"BreadcrumbList","@id":"https:\/\/nouplus.fact.com.tr\/?product=nouplus-cogniviva-fosfotidilserin-sitikolin-ginkgo-ekstresi-kapsul#breadcrumb","itemListElement":[{"@type":"ListItem","position":1,"name":"Anasayfa","item":"https:\/\/nouplus.fact.com.tr\/"},{"@type":"ListItem","position":2,"name":"\u00dcr\u00fcnler","item":"https:\/\/nouplus.fact.com.tr\/?page_id=8"},{"@type":"ListItem","position":3,"name":"Nouplus Cogniviva Fosfotidilserin, Sitikolin, Ginkgo Ekstresi Kaps\u00fcl"}]},{"@type":"WebSite","@id":"https:\/\/nouplus.fact.com.tr\/#website","url":"https:\/\/nouplus.fact.com.tr\/","name":"NouPLus","description":"","publisher":{"@id":"https:\/\/nouplus.fact.com.tr\/#organization"},"potentialAction":[{"@type":"SearchAction","target":{"@type":"EntryPoint","urlTemplate":"https:\/\/nouplus.fact.com.tr\/?s={search_term_string}"},"query-input":{"@type":"PropertyValueSpecification","valueRequired":true,"valueName":"search_term_string"}}],"inLanguage":"tr"},{"@type":"Organization","@id":"https:\/\/nouplus.fact.com.tr\/#organization","name":"NouPLus","url":"https:\/\/nouplus.fact.com.tr\/","logo":{"@type":"ImageObject","inLanguage":"tr","@id":"https:\/\/nouplus.fact.com.tr\/#\/schema\/logo\/image\/","url":"https:\/\/nouplus.fact.com.tr\/wp-content\/uploads\/2026\/02\/NouPlus_Logo-RGB.png","contentUrl":"https:\/\/nouplus.fact.com.tr\/wp-content\/uploads\/2026\/02\/NouPlus_Logo-RGB.png","width":900,"height":436,"caption":"NouPLus"},"image":{"@id":"https:\/\/nouplus.fact.com.tr\/#\/schema\/logo\/image\/"}}]}},"_links":{"self":[{"href":"https:\/\/nouplus.fact.com.tr\/index.php?rest_route=\/wp\/v2\/product\/618","targetHints":{"allow":["GET"]}}],"collection":[{"href":"https:\/\/nouplus.fact.com.tr\/index.php?rest_route=\/wp\/v2\/product"}],"about":[{"href":"https:\/\/nouplus.fact.com.tr\/index.php?rest_route=\/wp\/v2\/types\/product"}],"replies":[{"embeddable":true,"href":"https:\/\/nouplus.fact.com.tr\/index.php?rest_route=%2Fwp%2Fv2%2Fcomments&post=618"}],"wp:featuredmedia":[{"embeddable":true,"href":"https:\/\/nouplus.fact.com.tr\/index.php?rest_route=\/wp\/v2\/media\/650"}],"wp:attachment":[{"href":"https:\/\/nouplus.fact.com.tr\/index.php?rest_route=%2Fwp%2Fv2%2Fmedia&parent=618"}],"wp:term":[{"taxonomy":"product_brand","embeddable":true,"href":"https:\/\/nouplus.fact.com.tr\/index.php?rest_route=%2Fwp%2Fv2%2Fproduct_brand&post=618"},{"taxonomy":"product_cat","embeddable":true,"href":"https:\/\/nouplus.fact.com.tr\/index.php?rest_route=%2Fwp%2Fv2%2Fproduct_cat&post=618"},{"taxonomy":"product_tag","embeddable":true,"href":"https:\/\/nouplus.fact.com.tr\/index.php?rest_route=%2Fwp%2Fv2%2Fproduct_tag&post=618"}],"curies":[{"name":"wp","href":"https:\/\/api.w.org\/{rel}","templated":true}]}}